{"id":33537,"date":"2026-04-27T16:51:18","date_gmt":"2026-04-27T14:51:18","guid":{"rendered":"https:\/\/dizalica.hr\/unkategorisiert\/endlose-rundschlinge-10t\/"},"modified":"2026-04-27T16:51:27","modified_gmt":"2026-04-27T14:51:27","slug":"endlose-rundschlinge-10t","status":"publish","type":"product","link":"https:\/\/dizalica.hr\/de\/polyester-anschlagmittel\/rundschlingen\/endlose-rundschlinge-10t\/","title":{"rendered":"Endlose Rundschlinge 10t, orange, 150mm, 1-8m"},"content":{"rendered":"\t\t<div data-elementor-type=\"product-post\" data-elementor-id=\"33537\" class=\"elementor elementor-33537 elementor-2466\" data-elementor-post-type=\"product\">\n\t\t\t\t<div class=\"elementor-element elementor-element-2667e2d0 e-flex e-con-boxed e-con e-parent\" data-id=\"2667e2d0\" data-element_type=\"container\" data-e-type=\"container\">\n\t\t\t\t\t<div class=\"e-con-inner\">\n\t\t<div class=\"elementor-element elementor-element-8dbb3cb e-con-full e-flex e-con e-child\" data-id=\"8dbb3cb\" data-element_type=\"container\" data-e-type=\"container\">\n\t\t\t\t<div class=\"elementor-element elementor-element-5ba29ff elementor-widget elementor-widget-text-editor\" data-id=\"5ba29ff\" data-element_type=\"widget\" data-e-type=\"widget\" data-widget_type=\"text-editor.default\">\n\t\t\t\t<div class=\"elementor-widget-container\">\n\t\t\t\t\t\t\t\t\t<div class=\"nabrajanje\"><h2>Vorteile und Anwendungen<\/h2><ul><li>Hohe Tragf\u00e4higkeit und Sicherheit f\u00fcr das Heben schwerer Industrieausr\u00fcstung.<\/li><li>Flexibilit\u00e4t und Ladungsschutz reduzieren das Risiko von Besch\u00e4digungen pr\u00e4zise bearbeiteter Oberfl\u00e4chen.<\/li><li>Leicht und einfach zu lagern im Vergleich zu Metallketten und -seilen.<\/li><\/ul><p>Anwendungen: Offshore-\u00d6l und -Gas, Schiffbau, LNG- und \u00d6ltanker, Hydro- und Nuklearprojekte, Offshore-Windparks, Br\u00fcckenbau und Tunnel.<\/p><\/div>\t\t\t\t\t\t\t\t<\/div>\n\t\t\t\t<\/div>\n\t\t\t\t<div class=\"elementor-element elementor-element-6361cbd elementor-widget elementor-widget-text-editor\" data-id=\"6361cbd\" data-element_type=\"widget\" data-e-type=\"widget\" data-widget_type=\"text-editor.default\">\n\t\t\t\t<div class=\"elementor-widget-container\">\n\t\t\t\t\t\t\t\t\t<div class=\"nabrajanje\"><h2>Beispiele f\u00fcr industrielle Anwendungen<\/h2><ul><li>Offshore-\u00d6l- und Gasindustrie: Heben von Unterwasserausr\u00fcstung wie BOP-Stacks (Blowout Preventer), Unterwasser-\u201eChristmas Tree\u201c-Baugruppen, Manifold-Systemen und Ankerbaugruppen.<\/li><li>Schiffbau: Handhabung von langsam laufenden Dieselmotoren, Propellersystemen mit 10+ m Durchmesser, Rudern und vorgefertigten Rumpfsektionen.<\/li><li>Energie und Infrastruktur: Installation von Windturbinengondeln, Generatoren 10+ MW, Umspannwerktransformatoren sowie Heben von vorgefertigten Elementen f\u00fcr Br\u00fccken, Stadien und Superhochh\u00e4user.<\/li><\/ul><\/div>\t\t\t\t\t\t\t\t<\/div>\n\t\t\t\t<\/div>\n\t\t\t\t<div class=\"elementor-element elementor-element-5f874fa elementor-widget elementor-widget-text-editor\" data-id=\"5f874fa\" data-element_type=\"widget\" data-e-type=\"widget\" data-widget_type=\"text-editor.default\">\n\t\t\t\t<div class=\"elementor-widget-container\">\n\t\t\t\t\t\t\t\t\t<div class=\"nabrajanje\"><h2>Materialien und Konstruktion<\/h2><p>Das Polyester-Gurtband 10.000 kg wird aus hochwertigen Polyesterfasern mit hohem Molekulargewicht in einem mehrschichtigen Gewebe mit pr\u00e4ziser Kreuzorientierung hergestellt. Der Oberfl\u00e4chenschutz umfasst fortschrittliche Nano-Verbundbeschichtungen, die die Best\u00e4ndigkeit gegen Abrieb, chemische Korrosion und UV-Strahlung erh\u00f6hen. Betriebstemperaturen: -40 \u00b0C bis +100 \u00b0C.  <\/p><\/div>\t\t\t\t\t\t\t\t<\/div>\n\t\t\t\t<\/div>\n\t\t\t\t<\/div>\n\t\t<div class=\"elementor-element elementor-element-ed16d83 e-con-full e-flex e-con e-child\" data-id=\"ed16d83\" data-element_type=\"container\" data-e-type=\"container\">\n\t\t\t\t<div class=\"elementor-element elementor-element-9444d64 elementor-widget elementor-widget-text-editor\" data-id=\"9444d64\" data-element_type=\"widget\" data-e-type=\"widget\" data-widget_type=\"text-editor.default\">\n\t\t\t\t<div class=\"elementor-widget-container\">\n\t\t\t\t\t\t\t\t\t<h2 class=\"nabrajanje\">Merkmalstabellen<\/h2>\t\t\t\t\t\t\t\t<\/div>\n\t\t\t\t<\/div>\n\t\t\t\t<div class=\"elementor-element elementor-element-1b21e4a elementor-widget elementor-widget-text-editor\" data-id=\"1b21e4a\" data-element_type=\"widget\" data-e-type=\"widget\" data-widget_type=\"text-editor.default\">\n\t\t\t\t<div class=\"elementor-widget-container\">\n\t\t\t\t\t\t\t\t\t<div class=\"table-wrap\">\n<table class=\"styled-table\" role=\"table\" aria-label=\"Karakteristike beskona\u010dne gurtne 10t\">\n<thead>\n<tr>\n<th scope=\"col\">Merkmal<\/th>\n<th scope=\"col\">Spezifikation<\/th>\n<\/tr>\n<\/thead>\n<tbody>\n<tr>\n<td>Bezeichnung \/ Typ<\/td>\n<td>Endlose Rundschlinge (Rundschlinge, Hebeband)<\/td>\n<\/tr>\n<tr>\n<td>Tragf\u00e4higkeit (WLL)<\/td>\n<td>10t (10.000 kg)<\/td>\n<\/tr>\n<tr>\n<td>Farbe<\/td>\n<td>Orange<\/td>\n<\/tr>\n<tr>\n<td>Bandbreite<\/td>\n<td>300 mm<\/td>\n<\/tr>\n<tr>\n<td>Zugfestigkeit<\/td>\n<td>650-800 N\/mm\u00b2<\/td>\n<\/tr>\n<tr>\n<td>Dehnung bei Bruch<\/td>\n<td>ca. 12%<\/td>\n<\/tr>\n<tr>\n<td>Feuchtigkeitsaufnahme<\/td>\n<td>0,4 %<\/td>\n<\/tr>\n<tr>\n<td>Schmelzpunkt<\/td>\n<td>260 \u00b0C<\/td>\n<\/tr>\n<tr>\n<td>Max. Betriebstemperatur<\/td>\n<td>bis 100 \u00b0C<\/td>\n<\/tr>\n<tr>\n<td>Sicherheitsfaktor<\/td>\n<td>1:7<\/td>\n<\/tr>\n<tr>\n<td>Norm<\/td>\n<td>EN 1492-2<\/td>\n<\/tr>\n<\/tbody>\n<\/table>\n<\/div>\t\t\t\t\t\t\t\t<\/div>\n\t\t\t\t<\/div>\n\t\t\t\t<div class=\"elementor-element elementor-element-da9dd96 elementor-widget elementor-widget-text-editor\" data-id=\"da9dd96\" data-element_type=\"widget\" data-e-type=\"widget\" data-widget_type=\"text-editor.default\">\n\t\t\t\t<div class=\"elementor-widget-container\">\n\t\t\t\t\t\t\t\t\t<h2 class=\"nabrajanje\">Tragf\u00e4higkeitstabellen nach Verwendungsart<\/h2>\t\t\t\t\t\t\t\t<\/div>\n\t\t\t\t<\/div>\n\t\t\t\t<div class=\"elementor-element elementor-element-e18f0ba elementor-widget elementor-widget-text-editor\" data-id=\"e18f0ba\" data-element_type=\"widget\" data-e-type=\"widget\" data-widget_type=\"text-editor.default\">\n\t\t\t\t<div class=\"elementor-widget-container\">\n\t\t\t\t\t\t\t\t\t<div class=\"table-wrap\"><table class=\"styled-table\" role=\"table\" aria-label=\"Nosivost prema na\u010dinu kori\u0161tenja - 10t\"><thead><tr><th scope=\"col\">Anwendungsart<\/th><th scope=\"col\">Theoretische Tragf\u00e4higkeit<\/th><th scope=\"col\">Empfohlene sichere WLL<\/th><th scope=\"col\">Hinweis<\/th><\/tr><\/thead><tbody><tr><td>Vertikal (Direktzug)<\/td><td>10.000 kg<\/td><td>9.000 kg (90%)<\/td><td>Standardm\u00e4\u00dfige vertikale Anwendung<\/td><\/tr><tr><td>Korbschlag (doppelt)<\/td><td>20.000 kg<\/td><td>18.000 kg (90%)<\/td><td>Doppelte Konfiguration<\/td><\/tr><tr><td>Schlupf (Choker)<\/td><td>8.000 kg<\/td><td>7.200 kg (90%)<\/td><td>Reduktionsfaktor aufgrund von Reibung<\/td><\/tr><tr><td>Winkel 45\u00b0<\/td><td>7.000 kg<\/td><td>6.300 kg (90%)<\/td><td>Trigonometrische Winkelreduktion<\/td><\/tr><tr><td>Winkel 60\u00b0<\/td><td>5.000 kg<\/td><td>4.500 kg (90%)<\/td><td>Erhebliche Reduktion aufgrund des Winkels<\/td><\/tr><tr><td>Winkel 90\u00b0 oder mehr<\/td><td>VERBOTEN<\/td><td>0 kg<\/td><td> <\/td><\/tr><\/tbody><tfoot><tr><td colspan=\"4\"><strong>EXTREM KRITISCH:<\/strong> F\u00fcr die \u201eKorbschlag\u201c-Konfiguration im t\u00e4glichen Gebrauch <strong>absolut NICHT 18.000 kg (90% der theoretischen Tragf\u00e4higkeit) \u00fcberschreiten<\/strong>. Die Anwesenheit eines <strong>zertifizierten Hebeingenieurs<\/strong> ist f\u00fcr alle Hebevorg\u00e4nge \u00fcber 15 Tonnen zwingend erforderlich! Alle Hebevorg\u00e4nge \u00fcber 12t erfordern einen <strong>schriftlichen Ingenieur-Hebeplan<\/strong>, der von einer autorisierten Person genehmigt wurde!  <\/td><\/tr><\/tfoot><\/table><\/div>\t\t\t\t\t\t\t\t<\/div>\n\t\t\t\t<\/div>\n\t\t\t\t<\/div>\n\t\t\t\t\t<\/div>\n\t\t\t\t<\/div>\n\t\t<div class=\"elementor-element elementor-element-646035d e-con-full e-flex e-con e-child\" data-id=\"646035d\" data-element_type=\"container\" data-e-type=\"container\">\n\t\t\t\t<div class=\"elementor-element elementor-element-c97204b elementor-widget elementor-widget-heading\" data-id=\"c97204b\" data-element_type=\"widget\" data-e-type=\"widget\" data-widget_type=\"heading.default\">\n\t\t\t\t<div class=\"elementor-widget-container\">\n\t\t\t\t\t<div class=\"elementor-heading-title elementor-size-default\">Sie sind sich nicht sicher, welches Endlos-Rundschlinge zu Ihnen passt?<\/div>\t\t\t\t<\/div>\n\t\t\t\t<\/div>\n\t\t\t\t<div class=\"elementor-element elementor-element-5435910 elementor-widget elementor-widget-text-editor\" data-id=\"5435910\" data-element_type=\"widget\" data-e-type=\"widget\" data-widget_type=\"text-editor.default\">\n\t\t\t\t<div class=\"elementor-widget-container\">\n\t\t\t\t\t\t\t\t\t<p style=\"text-align: center;\">Sehen Sie sich den detaillierten Vergleich aller Rundschlingen an und w\u00e4hlen Sie das Modell, das Ihren Anforderungen am besten entspricht.<\/p>\t\t\t\t\t\t\t\t<\/div>\n\t\t\t\t<\/div>\n\t\t\t\t<div class=\"elementor-element elementor-element-e771d12 elementor-align-center elementor-widget elementor-widget-text_button\" data-id=\"e771d12\" data-element_type=\"widget\" data-e-type=\"widget\" data-widget_type=\"text_button.default\">\n\t\t\t\t<div class=\"elementor-widget-container\">\n\t\t\t\t\t<div class=\"etheme-button-wrapper\"><a href=\"https:\/\/dizalica.hr\/de\/polyester-anschlagmittel\/endlos-rundschlingen\/#usporedba\" class=\"fill-top has-fill etheme-text-button elementor-button\" role=\"button\">\n        <span class=\"elementor-button-content-wrapper\">\n                        <span class=\"elementor-button-icon animation-background_ltr\">\n                <svg aria-hidden=\"true\" class=\"e-font-icon-svg e-fab-buromobelexperte\" viewBox=\"0 0 448 512\" xmlns=\"http:\/\/www.w3.org\/2000\/svg\"><path d=\"M0 32v128h128V32H0zm120 120H8V40h112v112zm40-120v128h128V32H160zm120 120H168V40h112v112zm40-120v128h128V32H320zm120 120H328V40h112v112zM0 192v128h128V192H0zm120 120H8V200h112v112zm40-120v128h128V192H160zm120 120H168V200h112v112zm40-120v128h128V192H320zm120 120H328V200h112v112zM0 352v128h128V352H0zm120 120H8V360h112v112zm40-120v128h128V352H160zm120 120H168V360h112v112zm40-120v128h128V352H320z\"><\/path><\/svg>            <\/span>\n        \n\t\t\t<span class=\"elementor-button-text\">Vergleich der Endlos-Rundschlingen<\/span>\n\n            \n            \n        <\/span><\/a><\/div>\t\t\t\t<\/div>\n\t\t\t\t<\/div>\n\t\t\t\t<\/div>\n\t\t\t\t<\/div>\n\t\t","protected":false},"excerpt":{"rendered":"<p>Industrie-Gurtband 10 Tonnen \u2013 die absolute maximale Tragf\u00e4higkeit in der Kategorie der Polyester-Rundschlingen. Orange Farbe gem\u00e4\u00df EN 1492-2. Beeindruckende 10.000 kg vertikal oder unglaubliche 20.000 kg im Korbschlag. Eine erstklassige Ingenieurl\u00f6sung f\u00fcr die extremsten Offshore-, Schiffbau- und Infrastruktur-Megaprojekte von Weltrang. Verf\u00fcgbare L\u00e4ngen 1-8 m. Getestet mit 70 Tonnen bei einem Sicherheitsfaktor von 7:1. Un\u00fcbertroffene Qualit\u00e4t, Sicherheit und Zuverl\u00e4ssigkeit. Zertifiziert f\u00fcr die kritischsten, lebenswichtigen Anwendungen.       <\/p>\n","protected":false},"featured_media":30654,"comment_status":"open","ping_status":"closed","template":"","meta":[],"etheme_brands":[],"product_brand":[],"product_cat":[488,487],"product_tag":[489,469],"class_list":{"0":"post-33537","1":"product","2":"type-product","3":"status-publish","4":"has-post-thumbnail","6":"product_cat-rundschlingen","7":"product_cat-polyester-anschlagmittel","8":"product_tag-en-1492-2","9":"product_tag-schwere-industrielle-hebevorgange","10":"product_shipping_class-lieferung","12":"first","13":"instock","14":"taxable","15":"shipping-taxable","16":"purchasable","17":"product-type-variable","18":"has-default-attributes"},"_links":{"self":[{"href":"https:\/\/dizalica.hr\/de\/wp-json\/wp\/v2\/product\/33537","targetHints":{"allow":["GET"]}}],"collection":[{"href":"https:\/\/dizalica.hr\/de\/wp-json\/wp\/v2\/product"}],"about":[{"href":"https:\/\/dizalica.hr\/de\/wp-json\/wp\/v2\/types\/product"}],"replies":[{"embeddable":true,"href":"https:\/\/dizalica.hr\/de\/wp-json\/wp\/v2\/comments?post=33537"}],"version-history":[{"count":0,"href":"https:\/\/dizalica.hr\/de\/wp-json\/wp\/v2\/product\/33537\/revisions"}],"wp:featuredmedia":[{"embeddable":true,"href":"https:\/\/dizalica.hr\/de\/wp-json\/wp\/v2\/media\/30654"}],"wp:attachment":[{"href":"https:\/\/dizalica.hr\/de\/wp-json\/wp\/v2\/media?parent=33537"}],"wp:term":[{"taxonomy":"brand","embeddable":true,"href":"https:\/\/dizalica.hr\/de\/wp-json\/wp\/v2\/etheme_brands?post=33537"},{"taxonomy":"product_brand","embeddable":true,"href":"https:\/\/dizalica.hr\/de\/wp-json\/wp\/v2\/product_brand?post=33537"},{"taxonomy":"product_cat","embeddable":true,"href":"https:\/\/dizalica.hr\/de\/wp-json\/wp\/v2\/product_cat?post=33537"},{"taxonomy":"product_tag","embeddable":true,"href":"https:\/\/dizalica.hr\/de\/wp-json\/wp\/v2\/product_tag?post=33537"}],"curies":[{"name":"wp","href":"https:\/\/api.w.org\/{rel}","templated":true}]}}