{"id":33019,"date":"2026-04-27T02:07:38","date_gmt":"2026-04-27T00:07:38","guid":{"rendered":"https:\/\/dizalica.hr\/unkategorisiert\/endlosrundschlinge-3t\/"},"modified":"2026-04-27T02:07:59","modified_gmt":"2026-04-27T00:07:59","slug":"endlosrundschlinge-3t","status":"publish","type":"product","link":"https:\/\/dizalica.hr\/de\/polyester-anschlagmittel\/rundschlingen\/endlosrundschlinge-3t\/","title":{"rendered":"Endlosrundschlinge 3 t, gelb, 60 mm, 1-8 m"},"content":{"rendered":"\t\t<div data-elementor-type=\"product-post\" data-elementor-id=\"33019\" class=\"elementor elementor-33019 elementor-822\" data-elementor-post-type=\"product\">\n\t\t\t\t<div class=\"elementor-element elementor-element-236133b0 e-flex e-con-boxed e-con e-parent\" data-id=\"236133b0\" data-element_type=\"container\" data-e-type=\"container\">\n\t\t\t\t\t<div class=\"e-con-inner\">\n\t\t<div class=\"elementor-element elementor-element-5c6ff23 e-con-full e-flex e-con e-child\" data-id=\"5c6ff23\" data-element_type=\"container\" data-e-type=\"container\">\n\t\t\t\t<div class=\"elementor-element elementor-element-ea88fb4 elementor-widget elementor-widget-text-editor\" data-id=\"ea88fb4\" data-element_type=\"widget\" data-e-type=\"widget\" data-widget_type=\"text-editor.default\">\n\t\t\t\t<div class=\"elementor-widget-container\">\n\t\t\t\t\t\t\t\t\t<div class=\"nabrajanje\"><h2>Endlosrundschlinge 3 T \u2013 St\u00e4rke f\u00fcr anspruchsvollste Aufgaben<\/h2><p>Das Endlos-Anschlagmittel mit einer Tragf\u00e4higkeit von 3 Tonnen wurde f\u00fcr Profis entwickelt, die mit schweren Lasten und anspruchsvollen Anwendungen arbeiten. Eine Tragf\u00e4higkeit von 3000 kg erm\u00f6glicht das sichere Heben gro\u00dfer Bauelemente, Industriemaschinen und schwerer Paletten, w\u00e4hrend das Polyester-Material Flexibilit\u00e4t bewahrt und empfindliche Oberfl\u00e4chen sch\u00fctzt. <\/p><h2>Wann sollten Sie 3T-Anschlagmittel anstelle von 2T w\u00e4hlen?<\/h2><p>Wenn Sie regelm\u00e4\u00dfig Lasten im Bereich von 1500-2500 kg heben, bietet die 3-Tonnen-Rundschlinge die notwendige Sicherheitsreserve, die f\u00fcr den professionellen Einsatz entscheidend ist. Die zus\u00e4tzliche Tragf\u00e4higkeit erm\u00f6glicht auch Flexibilit\u00e4t beim Heben unter Winkel, wo die effektive Tragf\u00e4higkeit reduziert wird. Bei 3T-Anschlagmitteln haben Sie selbst bei einem Winkel von 45\u00b0 \u00fcber 2000 kg Tragf\u00e4higkeit zur Verf\u00fcgung, was sie zur idealen Wahl f\u00fcr komplexere Anwendungen macht.  <\/p><h2>Verst\u00e4rkte Konstruktion f\u00fcr Langlebigkeit<\/h2><p>Endlos-Anschlagmittel 3T werden aus verst\u00e4rkten Polyesterfasern mit einer gr\u00f6\u00dferen Gurtbanddicke (ca. 60 mm) im Vergleich zu geringeren Tragf\u00e4higkeiten hergestellt. Diese robustere Konstruktion f\u00fchrt zu einer au\u00dfergew\u00f6hnlichen Best\u00e4ndigkeit gegen Abrieb, Dehnung und Besch\u00e4digungen bei intensivem t\u00e4glichen Gebrauch. Spezielle Schutzbeschichtungen auf den Fasern erh\u00f6hen die Best\u00e4ndigkeit gegen UV-Strahlung und Feuchtigkeit.  <\/p><blockquote><p>Alle unsere 3T-Anschlagmittel sind nach EN 1492-2 zertifiziert und werden mit einem individuellen Zertifikat geliefert, das die Seriennummer, das Herstellungsdatum und die Herstellerdaten enth\u00e4lt.<\/p><\/blockquote><p>Das gelbe 3t-Anschlagmittel erm\u00f6glicht eine sofortige Identifizierung der Tragf\u00e4higkeit gem\u00e4\u00df internationalem Standard, wodurch das Fehlerrisiko am Arbeitsplatz minimiert wird.<\/p><h2>Anwendung in der Schwerindustrie und im Bauwesen<\/h2><p>Das Polyester-Anschlagmittel 3000 kg ist in der Schwerindustrie, wo gro\u00dfe Werkzeugmaschinen, Turbinen, Pumpen und Industriekomponenten gehandhabt werden, unverzichtbar. Im Bauwesen erm\u00f6glichen sie das Heben von Stahlbetonelementen, Stahltr\u00e4gern, Fertigw\u00e4nden und schwereren Konstruktionsteilen. Transport- und Logistikunternehmen nutzen sie f\u00fcr den Umschlag von Containern, schwereren Paletten und nicht standardisierten Lasten.  <\/p><p>Das weiche Polyester-Material ist besonders wichtig beim Umsetzen pr\u00e4ziser Ausr\u00fcstung, lackierter Oberfl\u00e4chen oder Elemente mit Endbearbeitung, wo Stahl-Anschlagmittel irreparable Sch\u00e4den verursachen k\u00f6nnten. 3T-Anschlagmittel k\u00f6nnen sicher auf Edelstahl, Aluminiumkonstruktionen, poliertem Marmor und anderen empfindlichen Materialien verwendet werden. <\/p><h2>Multifunktionale Einsatzm\u00f6glichkeiten<\/h2><p>Dank ihrer runden Form bietet die Endlos-Rundschlinge 3 Tonnen maximale Flexibilit\u00e4t in der Anwendung. Sie k\u00f6nnen sie als einfache Schlaufe f\u00fcr direktes vertikales Heben (3000 kg), in Korbform f\u00fcr doppelte Tragf\u00e4higkeit (6000 kg), als Schn\u00fcrgang f\u00fcr runde Lasten oder in Kombination mit anderen Anschlagmitteln zur Schaffung komplexer Aufh\u00e4ngungssysteme verwenden. <\/p><p>Wenn Sie komplette L\u00f6sungen suchen, sehen Sie sich unsere <a class=\"link1\" href=\"https:\/\/dizalica.hr\/ovjesni-kompleti\/lancane-priveznice\/\">Kettengeh\u00e4nge<\/a> und <a class=\"link1\" href=\"https:\/\/dizalica.hr\/rucne-elektricne-dizalice\/elektricne-lancane-dizalice\/\">elektrischen Kettenz\u00fcge<\/a> an, die sich perfekt mit 3t-Anschlagmitteln kombinieren lassen.<\/p><h2>Auswahl der optimalen L\u00e4nge<\/h2><p>L\u00e4ngen von 1-8 Metern erm\u00f6glichen die Anpassung an verschiedene Bed\u00fcrfnisse. K\u00fcrzere Versionen (1-2 m) sind ideal f\u00fcr kompakte Anwendungen in Werkst\u00e4tten und Lagern, L\u00e4ngen von 3-4 m decken Standard-Bauanforderungen ab, w\u00e4hrend l\u00e4ngere Versionen (5-8 m) Arbeiten in gr\u00f6\u00dferen H\u00f6hen oder das Heben aus tieferen Bereichen wie Fundamentgr\u00e4ben oder Schiffslader\u00e4umen erm\u00f6glichen. <\/p><\/div>\t\t\t\t\t\t\t\t<\/div>\n\t\t\t\t<\/div>\n\t\t\t\t<\/div>\n\t\t<div class=\"elementor-element elementor-element-382fe13 e-con-full e-flex e-con e-child\" data-id=\"382fe13\" data-element_type=\"container\" data-e-type=\"container\">\n\t\t\t\t<div class=\"elementor-element elementor-element-4b5dc633 elementor-widget elementor-widget-text-editor\" data-id=\"4b5dc633\" data-element_type=\"widget\" data-e-type=\"widget\" data-widget_type=\"text-editor.default\">\n\t\t\t\t<div class=\"elementor-widget-container\">\n\t\t\t\t\t\t\t\t\t<h2>Tabelle der Eigenschaften der Rundschlinge 3 t<\/h2>\t\t\t\t\t\t\t\t<\/div>\n\t\t\t\t<\/div>\n\t\t\t\t<div class=\"elementor-element elementor-element-acf654e elementor-widget elementor-widget-text-editor\" data-id=\"acf654e\" data-element_type=\"widget\" data-e-type=\"widget\" data-widget_type=\"text-editor.default\">\n\t\t\t\t<div class=\"elementor-widget-container\">\n\t\t\t\t\t\t\t\t\t<div class=\"table-wrap\">\n<table class=\"styled-table\" role=\"table\" aria-label=\"Karakteristike beskona\u010dne gurtne 3t\">\n<thead>\n<tr>\n<th scope=\"col\">Merkmal<\/th>\n<th scope=\"col\">Spezifikation<\/th>\n<\/tr>\n<\/thead>\n<tbody>\n<tr>\n<td>Bezeichnung \/ Typ<\/td>\n<td>Endlos-Gurtband (Rundschlingen, Rundgurte, Anschlagmittel, Hebegurte)<\/td>\n<\/tr>\n<tr>\n<td>Tragf\u00e4higkeit (WLL)<\/td>\n<td>3 t (3000 kg)<\/td>\n<\/tr>\n<tr>\n<td>Farbe<\/td>\n<td>Gelb<\/td>\n<\/tr>\n<tr>\n<td>Gurtbandbreite<\/td>\n<td>90 mm<\/td>\n<\/tr>\n<tr>\n<td>Zugfestigkeit<\/td>\n<td>650-800 N\/mm\u00b2<\/td>\n<\/tr>\n<tr>\n<td>Dehnung bei Bruch<\/td>\n<td>ca. 12%<\/td>\n<\/tr>\n<tr>\n<td>Feuchtigkeitsaufnahme<\/td>\n<td>0,4 %<\/td>\n<\/tr>\n<tr>\n<td>Schmelzpunkt<\/td>\n<td>260 \u00b0C<\/td>\n<\/tr>\n<tr>\n<td>Max. Betriebstemperatur<\/td>\n<td>bis 100 \u00b0C<\/td>\n<\/tr>\n<tr>\n<td>Sicherheitsfaktor<\/td>\n<td>1:7<\/td>\n<\/tr>\n<tr>\n<td>Norm<\/td>\n<td>EN 1492-2<\/td>\n<\/tr>\n<\/tbody>\n<\/table>\n<\/div>\t\t\t\t\t\t\t\t<\/div>\n\t\t\t\t<\/div>\n\t\t\t\t<div class=\"elementor-element elementor-element-1fd33cb elementor-widget elementor-widget-text-editor\" data-id=\"1fd33cb\" data-element_type=\"widget\" data-e-type=\"widget\" data-widget_type=\"text-editor.default\">\n\t\t\t\t<div class=\"elementor-widget-container\">\n\t\t\t\t\t\t\t\t\t<h3>Tragf\u00e4higkeitstabelle nach Verwendungsart f\u00fcr Endlos-Anschlagmittel 3 t<\/h3>\t\t\t\t\t\t\t\t<\/div>\n\t\t\t\t<\/div>\n\t\t\t\t<div class=\"elementor-element elementor-element-0db6f54 elementor-widget elementor-widget-text-editor\" data-id=\"0db6f54\" data-element_type=\"widget\" data-e-type=\"widget\" data-widget_type=\"text-editor.default\">\n\t\t\t\t<div class=\"elementor-widget-container\">\n\t\t\t\t\t\t\t\t\t<div class=\"table-wrap\">\n  <table class=\"styled-table\" role=\"table\" aria-label=\"Tablica nosivosti priveznice 3T prema na\u010dinu kori\u0161tenja\">\n    <thead>\n      <tr>\n        <th>Verwendungsart<\/th>\n        <th>Tragf\u00e4higkeit<\/th>\n        <th>Hinweis<\/th>\n      <\/tr>\n    <\/thead>\n    <tbody>\n      <tr>\n        <td>Vertikal (gerade Schlaufe)<\/td>\n        <td>3000 kg<\/td>\n        <td>Standardanwendung<\/td>\n      <\/tr>\n      <tr>\n        <td>Korb (doppelt)<\/td>\n        <td>6000 kg<\/td>\n        <td>Anschlagmittel doppelt gef\u00fchrt<\/td>\n      <\/tr>\n      <tr>\n        <td>Schn\u00fcrgang (Choker)<\/td>\n        <td>2400 kg<\/td>\n        <td>80% der Nennlast<\/td>\n      <\/tr>\n      <tr>\n        <td>Winkel 45\u00b0<\/td>\n        <td>2100 kg<\/td>\n        <td>70% der Nennlast<\/td>\n      <\/tr>\n      <tr>\n        <td>Winkel 60\u00b0<\/td>\n        <td>1500 kg<\/td>\n        <td>50% der Nennlast<\/td>\n      <\/tr>\n      <tr>\n        <td><strong>Winkel 90\u00b0<\/strong><\/td>\n        <td><strong>VERBOTEN<\/strong><\/td>\n        <td><strong>Extrem gef\u00e4hrlich!<\/strong><\/td>\n      <\/tr>\n    <\/tbody>\n  <\/table>\n<\/div>\n\t\t\t\t\t\t\t\t<\/div>\n\t\t\t\t<\/div>\n\t\t\t\t<\/div>\n\t\t\t\t\t<\/div>\n\t\t\t\t<\/div>\n\t\t<div class=\"elementor-element elementor-element-d40f2c0 e-flex e-con-boxed e-con e-parent\" data-id=\"d40f2c0\" data-element_type=\"container\" data-e-type=\"container\">\n\t\t\t\t\t<div class=\"e-con-inner\">\n\t\t\t\t<div class=\"elementor-element elementor-element-97a3c7c elementor-widget elementor-widget-spacer\" data-id=\"97a3c7c\" data-element_type=\"widget\" data-e-type=\"widget\" data-widget_type=\"spacer.default\">\n\t\t\t\t<div class=\"elementor-widget-container\">\n\t\t\t\t\t\t\t<div class=\"elementor-spacer\">\n\t\t\t<div class=\"elementor-spacer-inner\"><\/div>\n\t\t<\/div>\n\t\t\t\t\t\t<\/div>\n\t\t\t\t<\/div>\n\t\t\t\t\t<\/div>\n\t\t\t\t<\/div>\n\t\t<div class=\"elementor-element elementor-element-ee01237 e-con-full e-flex e-con e-child\" data-id=\"ee01237\" data-element_type=\"container\" data-e-type=\"container\">\n\t\t\t\t<div class=\"elementor-element elementor-element-3127283 elementor-widget elementor-widget-heading\" data-id=\"3127283\" data-element_type=\"widget\" data-e-type=\"widget\" data-widget_type=\"heading.default\">\n\t\t\t\t<div class=\"elementor-widget-container\">\n\t\t\t\t\t<div class=\"elementor-heading-title elementor-size-default\">Sie sind sich nicht sicher, welches Endlos-Rundschlinge zu Ihnen passt?<\/div>\t\t\t\t<\/div>\n\t\t\t\t<\/div>\n\t\t\t\t<div class=\"elementor-element elementor-element-ef042c9 elementor-widget elementor-widget-text-editor\" data-id=\"ef042c9\" data-element_type=\"widget\" data-e-type=\"widget\" data-widget_type=\"text-editor.default\">\n\t\t\t\t<div class=\"elementor-widget-container\">\n\t\t\t\t\t\t\t\t\t<p style=\"text-align: center;\">Sehen Sie sich den detaillierten Vergleich aller Rundschlingen an und w\u00e4hlen Sie das Modell, das Ihren Anforderungen am besten entspricht.<\/p>\t\t\t\t\t\t\t\t<\/div>\n\t\t\t\t<\/div>\n\t\t\t\t<div class=\"elementor-element elementor-element-5c05679 elementor-align-center elementor-widget elementor-widget-text_button\" data-id=\"5c05679\" data-element_type=\"widget\" data-e-type=\"widget\" data-widget_type=\"text_button.default\">\n\t\t\t\t<div class=\"elementor-widget-container\">\n\t\t\t\t\t<div class=\"etheme-button-wrapper\"><a href=\"https:\/\/dizalica.hr\/de\/polyester-anschlagmittel\/endlos-rundschlingen\/#usporedba\" class=\"fill-top has-fill etheme-text-button elementor-button\" role=\"button\">\n        <span class=\"elementor-button-content-wrapper\">\n                        <span class=\"elementor-button-icon animation-background_ltr\">\n                <svg aria-hidden=\"true\" class=\"e-font-icon-svg e-fab-buromobelexperte\" viewBox=\"0 0 448 512\" xmlns=\"http:\/\/www.w3.org\/2000\/svg\"><path d=\"M0 32v128h128V32H0zm120 120H8V40h112v112zm40-120v128h128V32H160zm120 120H168V40h112v112zm40-120v128h128V32H320zm120 120H328V40h112v112zM0 192v128h128V192H0zm120 120H8V200h112v112zm40-120v128h128V192H160zm120 120H168V200h112v112zm40-120v128h128V192H320zm120 120H328V200h112v112zM0 352v128h128V352H0zm120 120H8V360h112v112zm40-120v128h128V352H160zm120 120H168V360h112v112zm40-120v128h128V352H320z\"><\/path><\/svg>            <\/span>\n        \n\t\t\t<span class=\"elementor-button-text\">Vergleich der Endlos-Rundschlingen<\/span>\n\n            \n            \n        <\/span><\/a><\/div>\t\t\t\t<\/div>\n\t\t\t\t<\/div>\n\t\t\t\t<\/div>\n\t\t\t\t<\/div>\n\t\t","protected":false},"excerpt":{"rendered":"<p>Das Endlos-Polyester-Anschlagmittel 3 Tonnen ist f\u00fcr anspruchsvolle Anwendungen im Bauwesen, in der Industrie und bei schweren Maschinen konzipiert. Die gelbe Farbe, standardisiert nach EN 1492-2, gew\u00e4hrleistet eine schnelle Erkennung der Tragf\u00e4higkeit. Es ist langlebig, flexibel und f\u00fcr den professionellen Einsatz zertifiziert. Erh\u00e4ltlich in allen Standardl\u00e4ngen von 1 bis 8 Metern. Ideal f\u00fcr kombinierte Hebesysteme und schwere Konstruktionselemente.    <\/p>\n","protected":false},"featured_media":30631,"comment_status":"open","ping_status":"closed","template":"","meta":[],"etheme_brands":[],"product_brand":[],"product_cat":[488,487],"product_tag":[489],"class_list":{"0":"post-33019","1":"product","2":"type-product","3":"status-publish","4":"has-post-thumbnail","6":"product_cat-rundschlingen","7":"product_cat-polyester-anschlagmittel","8":"product_tag-en-1492-2","9":"product_shipping_class-lieferung","11":"first","12":"instock","13":"taxable","14":"shipping-taxable","15":"purchasable","16":"product-type-variable","17":"has-default-attributes"},"_links":{"self":[{"href":"https:\/\/dizalica.hr\/de\/wp-json\/wp\/v2\/product\/33019","targetHints":{"allow":["GET"]}}],"collection":[{"href":"https:\/\/dizalica.hr\/de\/wp-json\/wp\/v2\/product"}],"about":[{"href":"https:\/\/dizalica.hr\/de\/wp-json\/wp\/v2\/types\/product"}],"replies":[{"embeddable":true,"href":"https:\/\/dizalica.hr\/de\/wp-json\/wp\/v2\/comments?post=33019"}],"version-history":[{"count":1,"href":"https:\/\/dizalica.hr\/de\/wp-json\/wp\/v2\/product\/33019\/revisions"}],"predecessor-version":[{"id":33028,"href":"https:\/\/dizalica.hr\/de\/wp-json\/wp\/v2\/product\/33019\/revisions\/33028"}],"wp:featuredmedia":[{"embeddable":true,"href":"https:\/\/dizalica.hr\/de\/wp-json\/wp\/v2\/media\/30631"}],"wp:attachment":[{"href":"https:\/\/dizalica.hr\/de\/wp-json\/wp\/v2\/media?parent=33019"}],"wp:term":[{"taxonomy":"brand","embeddable":true,"href":"https:\/\/dizalica.hr\/de\/wp-json\/wp\/v2\/etheme_brands?post=33019"},{"taxonomy":"product_brand","embeddable":true,"href":"https:\/\/dizalica.hr\/de\/wp-json\/wp\/v2\/product_brand?post=33019"},{"taxonomy":"product_cat","embeddable":true,"href":"https:\/\/dizalica.hr\/de\/wp-json\/wp\/v2\/product_cat?post=33019"},{"taxonomy":"product_tag","embeddable":true,"href":"https:\/\/dizalica.hr\/de\/wp-json\/wp\/v2\/product_tag?post=33019"}],"curies":[{"name":"wp","href":"https:\/\/api.w.org\/{rel}","templated":true}]}}