{"id":32618,"date":"2026-04-26T21:07:41","date_gmt":"2026-04-26T19:07:41","guid":{"rendered":"https:\/\/dizalica.hr\/unkategorisiert\/digitale-kranwaage-dynamometer\/"},"modified":"2026-04-26T21:07:52","modified_gmt":"2026-04-26T19:07:52","slug":"digitale-kranwaage-dynamometer","status":"publish","type":"product","link":"https:\/\/dizalica.hr\/de\/kranwaagen\/digitale-kranwaage-dynamometer\/","title":{"rendered":"Digitale Kranwaage \u2013 Dynamometer OCS-Y, 3-10 t, zum Messen in allen Belastungsrichtungen"},"content":{"rendered":"\t\t<div data-elementor-type=\"product-post\" data-elementor-id=\"32618\" class=\"elementor elementor-32618 elementor-3916\" data-elementor-post-type=\"product\">\n\t\t\t\t<div class=\"elementor-element elementor-element-79342bd7 e-flex e-con-boxed e-con e-parent\" data-id=\"79342bd7\" data-element_type=\"container\" data-e-type=\"container\">\n\t\t\t\t\t<div class=\"e-con-inner\">\n\t\t<div class=\"elementor-element elementor-element-e5bddf9 e-con-full e-flex e-con e-child\" data-id=\"e5bddf9\" data-element_type=\"container\" data-e-type=\"container\">\n\t\t\t\t<div class=\"elementor-element elementor-element-1ae29f9 elementor-widget elementor-widget-text-editor\" data-id=\"1ae29f9\" data-element_type=\"widget\" data-e-type=\"widget\" data-widget_type=\"text-editor.default\">\n\t\t\t\t<div class=\"elementor-widget-container\">\n\t\t\t\t\t\t\t\t\t<h2>Dynamometer \u2013 professionelle digitale Kranwaage mit erweiterten Funktionen<\/h2><div class=\"nabrajanje\">Ein professionelles Dynamometer und eine digitale Kranwaage sind die ideale L\u00f6sung f\u00fcr die pr\u00e4zise Lastmessung unter industriellen und baulichen Bedingungen. Das Gutman Dynamometer \u2013 Kranwaage ist in Tragf\u00e4higkeiten von 3, 5 und 10 Tonnen erh\u00e4ltlich und f\u00fcr anspruchsvollste Arbeitsumgebungen geeignet. <\/div>\t\t\t\t\t\t\t\t<\/div>\n\t\t\t\t<\/div>\n\t\t\t\t<div class=\"elementor-element elementor-element-d74155a elementor-widget elementor-widget-text-editor\" data-id=\"d74155a\" data-element_type=\"widget\" data-e-type=\"widget\" data-widget_type=\"text-editor.default\">\n\t\t\t\t<div class=\"elementor-widget-container\">\n\t\t\t\t\t\t\t\t\t<div class=\"nabrajanje\"><h2>Hauptmerkmale<\/h2><p>Die digitale Kranwaage Gutman ist mit einem 22 mm LCD-Display mit Hintergrundbeleuchtung f\u00fcr klare Sichtbarkeit unter allen Bedingungen ausgestattet. Die integrierte Fernbedienung erm\u00f6glicht einen sicheren Fernbetrieb, w\u00e4hrend der wiederaufladbare Akku mit externem Ladeger\u00e4t eine lange Nutzungsdauer gew\u00e4hrleistet. <\/p><\/div>\t\t\t\t\t\t\t\t<\/div>\n\t\t\t\t<\/div>\n\t\t<div class=\"elementor-element elementor-element-9d67e2e e-con-full e-flex e-con e-child\" data-id=\"9d67e2e\" data-element_type=\"container\" data-e-type=\"container\">\n\t\t<div class=\"elementor-element elementor-element-0af2094 e-con-full e-flex e-con e-child\" data-id=\"0af2094\" data-element_type=\"container\" data-e-type=\"container\">\n\t\t\t\t<div class=\"elementor-element elementor-element-3934c63 elementor-widget elementor-widget-text-editor\" data-id=\"3934c63\" data-element_type=\"widget\" data-e-type=\"widget\" data-widget_type=\"text-editor.default\">\n\t\t\t\t<div class=\"elementor-widget-container\">\n\t\t\t\t\t\t\t\t\t<div class=\"nabrajanje\"><h3>Funktionalit\u00e4t<\/h3><ul><li>Null- und Tara-Funktionen<\/li><li>Hold-Funktion zum Halten der Ergebnisse<\/li><li>Automatische Abschaltung<\/li><li>Messgenauigkeit 0,1 %<\/li><li>Einfaches Ablesen der Ergebnisse<\/li><\/ul><\/div>\t\t\t\t\t\t\t\t<\/div>\n\t\t\t\t<\/div>\n\t\t\t\t<\/div>\n\t\t<div class=\"elementor-element elementor-element-5cd0266 e-con-full e-flex e-con e-child\" data-id=\"5cd0266\" data-element_type=\"container\" data-e-type=\"container\">\n\t\t\t\t<div class=\"elementor-element elementor-element-e355b0d elementor-widget elementor-widget-text-editor\" data-id=\"e355b0d\" data-element_type=\"widget\" data-e-type=\"widget\" data-widget_type=\"text-editor.default\">\n\t\t\t\t<div class=\"elementor-widget-container\">\n\t\t\t\t\t\t\t\t\t<div class=\"nabrajanje\"><h3>Sicherheit an erster Stelle<\/h3><p>Ein automatischer \u00dcberlastalarm warnt den Bediener, wenn die Sicherheitsgrenzen erreicht werden. Die Waage h\u00e4lt einer zul\u00e4ssigen \u00dcberlast von bis zu 120 % des vollen Skalenbereichs und maximal bis zu 400 % stand, was die Arbeitssicherheit garantiert. <\/p><\/div>\t\t\t\t\t\t\t\t<\/div>\n\t\t\t\t<\/div>\n\t\t\t\t<\/div>\n\t\t\t\t<\/div>\n\t\t<div class=\"elementor-element elementor-element-8ce57ff e-con-full e-flex e-con e-child\" data-id=\"8ce57ff\" data-element_type=\"container\" data-e-type=\"container\">\n\t\t<div class=\"elementor-element elementor-element-18cbf76 e-con-full e-flex e-con e-child\" data-id=\"18cbf76\" data-element_type=\"container\" data-e-type=\"container\">\n\t\t\t\t<div class=\"elementor-element elementor-element-e7074dd elementor-widget elementor-widget-text-editor\" data-id=\"e7074dd\" data-element_type=\"widget\" data-e-type=\"widget\" data-widget_type=\"text-editor.default\">\n\t\t\t\t<div class=\"elementor-widget-container\">\n\t\t\t\t\t\t\t\t\t<div class=\"nabrajanje\"><h2>Anwendung<\/h2><p>Das Dynamometer wird eingesetzt in:<\/p><\/div>\t\t\t\t\t\t\t\t<\/div>\n\t\t\t\t<\/div>\n\t\t\t\t<\/div>\n\t\t<div class=\"elementor-element elementor-element-1daa360 e-con-full e-flex e-con e-child\" data-id=\"1daa360\" data-element_type=\"container\" data-e-type=\"container\">\n\t\t\t\t<div class=\"elementor-element elementor-element-cdb9cb4 elementor-widget elementor-widget-text-editor\" data-id=\"cdb9cb4\" data-element_type=\"widget\" data-e-type=\"widget\" data-widget_type=\"text-editor.default\">\n\t\t\t\t<div class=\"elementor-widget-container\">\n\t\t\t\t\t\t\t\t\t<div class=\"nabrajanje\">\n<ul>\n \t<li><a class=\"link1\" href=\"https:\/\/dizalica.hr\/djelatnosti\/gradevina\/\">Bau- und Montagearbeiten<\/a><\/li>\n \t<li>Lagern und Logistikzentren<\/li>\n \t<li>Industrieanlagen<\/li>\n \t<li>Transport von Schwerlasten<\/li>\n \t<li>Qualit\u00e4tskontrolle und Materialw\u00e4gung<\/li>\n<\/ul>\n<\/div>\t\t\t\t\t\t\t\t<\/div>\n\t\t\t\t<\/div>\n\t\t\t\t<\/div>\n\t\t\t\t<\/div>\n\t\t\t\t<div class=\"elementor-element elementor-element-9ecad98 elementor-widget elementor-widget-text-editor\" data-id=\"9ecad98\" data-element_type=\"widget\" data-e-type=\"widget\" data-widget_type=\"text-editor.default\">\n\t\t\t\t<div class=\"elementor-widget-container\">\n\t\t\t\t\t\t\t\t\t<div class=\"nabrajanje\"><h2>Zusatzausr\u00fcstung f\u00fcr pr\u00e4zises Messen und Handhaben von Lasten: Sch\u00e4kel<\/h2><p>In Situationen, in denen es nicht nur darum geht, das Gewicht der Last zu bestimmen, sondern auch schwere Elemente beim Messen sicher zu verbinden und zu handhaben, stellen Sch\u00e4kel die ideale Zusatzausr\u00fcstung dar.<\/p><\/div>\t\t\t\t\t\t\t\t<\/div>\n\t\t\t\t<\/div>\n\t\t<div class=\"elementor-element elementor-element-7078798 e-con-full e-flex e-con e-child\" data-id=\"7078798\" data-element_type=\"container\" data-e-type=\"container\">\n\t\t<div class=\"elementor-element elementor-element-9a9cb06 e-con-full e-flex e-con e-child\" data-id=\"9a9cb06\" data-element_type=\"container\" data-e-type=\"container\">\n\t\t\t\t<div class=\"elementor-element elementor-element-e4461f8 elementor-widget elementor-widget-text-editor\" data-id=\"e4461f8\" data-element_type=\"widget\" data-e-type=\"widget\" data-widget_type=\"text-editor.default\">\n\t\t\t\t<div class=\"elementor-widget-container\">\n\t\t\t\t\t\t\t\t\t<div class=\"nabrajanje\"><p>Sch\u00e4kel sind robuste Verbindungselemente, die eine zuverl\u00e4ssige und stabile Befestigung von Lasten an Kranwaagen, Dynamometern oder anderen Hebe- und Messsystemen erm\u00f6glichen. Mit den entsprechenden Abmessungen und Tragf\u00e4higkeiten erleichtern Sch\u00e4kel die Handhabung schwerer und unregelm\u00e4\u00dfiger Lasten und erh\u00f6hen die Sicherheit und Pr\u00e4zision jeder Messung. <\/p><p>F\u00fcr professionelle Ausr\u00fcstung, die mit Ihrer Kranwaage und Ihrem Dynamometer kompatibel ist, sehen Sie sich das Angebot von Dizalica d.o.o. an: <a class=\"link1\" href=\"https:\/\/dizalica.hr\/ovjesni-kompleti\/skopci\/\">Sch\u00e4kel in verschiedenen Tragf\u00e4higkeiten und Abmessungen<\/a> \u2013 ideal f\u00fcr industrielle und logistische Anforderungen.<\/p><\/div>\t\t\t\t\t\t\t\t<\/div>\n\t\t\t\t<\/div>\n\t\t\t\t<\/div>\n\t\t<div class=\"elementor-element elementor-element-3388527 e-con-full e-flex e-con e-child\" data-id=\"3388527\" data-element_type=\"container\" data-e-type=\"container\">\n\t\t\t\t<div class=\"elementor-element elementor-element-dd312d2 elementor-widget elementor-widget-image\" data-id=\"dd312d2\" data-element_type=\"widget\" data-e-type=\"widget\" data-widget_type=\"image.default\">\n\t\t\t\t<div class=\"elementor-widget-container\">\n\t\t\t\t\t\t\t\t\t\t\t\t\t\t\t<img loading=\"lazy\" decoding=\"async\" width=\"600\" height=\"600\" src=\"https:\/\/dizalica.hr\/wp-content\/uploads\/2026\/01\/dinamometar-digitalna-kranska-vaga-sa-skopcima.avif\" class=\"attachment-large size-large wp-image-32624\" alt=\"Dynamometer mit Sch\u00e4keln\" srcset=\"https:\/\/dizalica.hr\/wp-content\/uploads\/2026\/01\/dinamometar-digitalna-kranska-vaga-sa-skopcima.avif 600w, https:\/\/dizalica.hr\/wp-content\/uploads\/2026\/01\/dinamometar-digitalna-kranska-vaga-sa-skopcima-300x300.avif 300w, https:\/\/dizalica.hr\/wp-content\/uploads\/2026\/01\/dinamometar-digitalna-kranska-vaga-sa-skopcima-150x150.avif 150w, https:\/\/dizalica.hr\/wp-content\/uploads\/2026\/01\/dinamometar-digitalna-kranska-vaga-sa-skopcima-100x100.avif 100w, https:\/\/dizalica.hr\/wp-content\/uploads\/2026\/01\/dinamometar-digitalna-kranska-vaga-sa-skopcima-1x1.avif 1w, https:\/\/dizalica.hr\/wp-content\/uploads\/2026\/01\/dinamometar-digitalna-kranska-vaga-sa-skopcima-10x10.avif 10w\" sizes=\"auto, (max-width: 600px) 100vw, 600px\" \/>\t\t\t\t\t\t\t\t\t\t\t\t\t\t\t<\/div>\n\t\t\t\t<\/div>\n\t\t\t\t<\/div>\n\t\t\t\t<\/div>\n\t\t<div class=\"elementor-element elementor-element-9f3de4f e-con-full e-flex e-con e-child\" data-id=\"9f3de4f\" data-element_type=\"container\" data-e-type=\"container\">\n\t\t<div class=\"elementor-element elementor-element-591c7ae e-con-full e-flex e-con e-child\" data-id=\"591c7ae\" data-element_type=\"container\" data-e-type=\"container\">\n\t\t\t\t<div class=\"elementor-element elementor-element-860ac9b elementor-widget elementor-widget-text-editor\" data-id=\"860ac9b\" data-element_type=\"widget\" data-e-type=\"widget\" data-widget_type=\"text-editor.default\">\n\t\t\t\t<div class=\"elementor-widget-container\">\n\t\t\t\t\t\t\t\t\t<div class=\"nabrajanje\"><h2 class=\"font-claude-response-body break-words whitespace-normal leading-[1.7]\">Warum unsere Kranwaage w\u00e4hlen?<\/h2><ul><li class=\"font-claude-response-body break-words whitespace-pre-wrap leading-[1.7]\">Gutman Qualit\u00e4t und Zuverl\u00e4ssigkeit<\/li><li class=\"font-claude-response-body break-words whitespace-pre-wrap leading-[1.7]\">Wettbewerbsf\u00e4hige Preise<\/li><li class=\"font-claude-response-body break-words whitespace-pre-wrap leading-[1.7]\">Schnelle Lieferung<\/li><li class=\"font-claude-response-body break-words whitespace-pre-wrap leading-[1.7]\">Fachkundige Unterst\u00fctzung<\/li><li class=\"font-claude-response-body break-words whitespace-pre-wrap leading-[1.7]\">Garantie und Service<\/li><\/ul><p class=\"font-claude-response-body break-words whitespace-normal leading-[1.7]\">Alle Kranwaagen werden mit Zertifikaten und vollst\u00e4ndiger Dokumentation geliefert. <\/p><p class=\"font-claude-response-body break-words whitespace-normal leading-[1.7]\"> <\/p><\/div>\t\t\t\t\t\t\t\t<\/div>\n\t\t\t\t<\/div>\n\t\t\t\t<\/div>\n\t\t<div class=\"elementor-element elementor-element-679d37e e-con-full e-flex e-con e-child\" data-id=\"679d37e\" data-element_type=\"container\" data-e-type=\"container\">\n\t\t\t\t<div class=\"elementor-element elementor-element-6cc78af elementor-widget elementor-widget-text-editor\" data-id=\"6cc78af\" data-element_type=\"widget\" data-e-type=\"widget\" data-widget_type=\"text-editor.default\">\n\t\t\t\t<div class=\"elementor-widget-container\">\n\t\t\t\t\t\t\t\t\t<div class=\"nabrajanje\"><h3>Gutman Lifting Qualit\u00e4t<\/h3><ul><li>Hochwertiges, kompaktes, robustes Geh\u00e4use<\/li><li>Robuste Stahlhaken f\u00fcr schwere Eins\u00e4tze<\/li><li>Best\u00e4ndigkeit gegen industrielle Bedingungen<\/li><li>IP-Schutz gegen Staub und Wasser<\/li><\/ul><\/div>\t\t\t\t\t\t\t\t<\/div>\n\t\t\t\t<\/div>\n\t\t\t\t<\/div>\n\t\t\t\t<\/div>\n\t\t\t\t<div class=\"elementor-element elementor-element-4f5e1c7 elementor-widget elementor-widget-text-editor\" data-id=\"4f5e1c7\" data-element_type=\"widget\" data-e-type=\"widget\" data-widget_type=\"text-editor.default\">\n\t\t\t\t<div class=\"elementor-widget-container\">\n\t\t\t\t\t\t\t\t\t<div class=\"nabrajanje\"><h2>Vergleichstabelle der Kranwaagen<\/h2><\/div>\t\t\t\t\t\t\t\t<\/div>\n\t\t\t\t<\/div>\n\t\t\t\t<div class=\"elementor-element elementor-element-1fa45fd elementor-widget elementor-widget-text-editor\" data-id=\"1fa45fd\" data-element_type=\"widget\" data-e-type=\"widget\" data-widget_type=\"text-editor.default\">\n\t\t\t\t<div class=\"elementor-widget-container\">\n\t\t\t\t\t\t\t\t\t<div class=\"table-wrap\"><table class=\"styled-table\" role=\"table\" aria-label=\"Usporedba kranskih vaga OCS-Y i OCS-A\"><thead><tr><th scope=\"col\">Merkmal<\/th><th scope=\"col\">Digitale Kranwaage OCS-Y<\/th><th scope=\"col\">Digitale Kranwaage OCS-A<\/th><\/tr><\/thead><tbody><tr><td><strong>Tragf\u00e4higkeit<\/strong><\/td><td>3-10 Tonnen<\/td><td>5-20 Tonnen<\/td><\/tr><tr><td><strong>Genauigkeit<\/strong><\/td><td>1-5 kg<\/td><td>0,1 %<\/td><\/tr><tr><td><strong>Sensor<\/strong><\/td><td>Standard<\/td><td>Mettler-Toledo<\/td><\/tr><tr><td><strong>Display<\/strong><\/td><td>LCD 22 mm<\/td><td>LCD mit Hintergrundbeleuchtung<\/td><\/tr><tr><td><strong>Batterielaufzeit<\/strong><\/td><td>40 h<\/td><td>70 h<\/td><\/tr><tr><td><strong>Geh\u00e4use<\/strong><\/td><td>Alu\/Stahl<\/td><td>Aluminium<\/td><\/tr><tr><td><strong>\u00dcberlast<\/strong><\/td><td>120 % \/ 400 %<\/td><td>120 % \/ 400 %<\/td><\/tr><tr><td><strong>Anwendung<\/strong><\/td><td>Allgemein, kleinere Unternehmen<\/td><td>Schwerindustrie<\/td><\/tr><\/tbody><tfoot><tr><td colspan=\"3\">Vergleich: OCS-Y (Messung in allen Richtungen) und OCS-A (pr\u00e4zise, vertikale Messung)<\/td><\/tr><\/tfoot><\/table><\/div>\t\t\t\t\t\t\t\t<\/div>\n\t\t\t\t<\/div>\n\t\t<div class=\"elementor-element elementor-element-462d487 e-con-full e-flex e-con e-child\" data-id=\"462d487\" data-element_type=\"container\" data-e-type=\"container\">\n\t\t<div class=\"elementor-element elementor-element-57579e3 e-con-full e-flex e-con e-child\" data-id=\"57579e3\" data-element_type=\"container\" data-e-type=\"container\">\n\t\t\t\t<div class=\"elementor-element elementor-element-50fec8f elementor-widget elementor-widget-text-editor\" data-id=\"50fec8f\" data-element_type=\"widget\" data-e-type=\"widget\" data-widget_type=\"text-editor.default\">\n\t\t\t\t<div class=\"elementor-widget-container\">\n\t\t\t\t\t\t\t\t\t<h3 class=\"nabrajanje\">Dizalica.hr ist der beste Lieferant f\u00fcr Kranwaagen und andere Hebeausr\u00fcstung<\/h3>\t\t\t\t\t\t\t\t<\/div>\n\t\t\t\t<\/div>\n\t\t\t\t<\/div>\n\t\t<div class=\"elementor-element elementor-element-59e09c0 e-con-full e-flex e-con e-child\" data-id=\"59e09c0\" data-element_type=\"container\" data-e-type=\"container\">\n\t\t\t\t<div class=\"elementor-element elementor-element-8990e41 elementor-widget elementor-widget-text-editor\" data-id=\"8990e41\" data-element_type=\"widget\" data-e-type=\"widget\" data-widget_type=\"text-editor.default\">\n\t\t\t\t<div class=\"elementor-widget-container\">\n\t\t\t\t\t\t\t\t\t<p>\u2705 <strong>Kostenlose Fachberatung<\/strong> \u2013 das Expertenteam von Dizalica d.o.o. verf\u00fcgt \u00fcber langj\u00e4hrige Erfahrung im Bereich Lager- und Transportausr\u00fcstung<br>\u2705 <strong>Qualit\u00e4tsgarantie<\/strong> \u2013 alle Produkte mit CE-Zertifikat und Garantie<br>\u2705 <strong>Schnelle Lieferung<\/strong> \u2013 die meisten Produkte sind sofort ab Lager verf\u00fcgbar<br>\u2705 <strong>Technischer Support<\/strong> \u2013 wir stehen Ihnen f\u00fcr alle Anfragen und technische Unterst\u00fctzung zur Verf\u00fcgung<\/p>\t\t\t\t\t\t\t\t<\/div>\n\t\t\t\t<\/div>\n\t\t\t\t<\/div>\n\t\t\t\t<\/div>\n\t\t\t\t<div class=\"elementor-element elementor-element-ad092a5 elementor-widget elementor-widget-text-editor\" data-id=\"ad092a5\" data-element_type=\"widget\" data-e-type=\"widget\" data-widget_type=\"text-editor.default\">\n\t\t\t\t<div class=\"elementor-widget-container\">\n\t\t\t\t\t\t\t\t\t<div class=\"nabrajanje\">F\u00fcr Situationen, in denen Sie eine einfachere Waage f\u00fcr gr\u00f6\u00dfere Kapazit\u00e4ten und vertikale Messungen ben\u00f6tigen, sehen Sie sich auch die <a class=\"link1\" href=\"https:\/\/dizalica.hr\/kranske-vage\/kranska-vaga\/\">Kranwaage mit Aluminiumgeh\u00e4use<\/a> und Infrarot-Fernbedienung an, die ein hohes Ma\u00df an Haltbarkeit und eine Tragf\u00e4higkeit von bis zu 20 t bietet.<\/div>\t\t\t\t\t\t\t\t<\/div>\n\t\t\t\t<\/div>\n\t\t\t\t<\/div>\n\t\t<div class=\"elementor-element elementor-element-7383cdd e-con-full e-flex e-con e-child\" data-id=\"7383cdd\" data-element_type=\"container\" data-e-type=\"container\">\n\t\t\t\t<div class=\"elementor-element elementor-element-63493d2 elementor-widget elementor-widget-text-editor\" data-id=\"63493d2\" data-element_type=\"widget\" data-e-type=\"widget\" data-widget_type=\"text-editor.default\">\n\t\t\t\t<div class=\"elementor-widget-container\">\n\t\t\t\t\t\t\t\t\t<div class=\"table-wrap\">\n<table class=\"styled-table\" role=\"table\" aria-label=\"Specifikacije digitalne kranske vage (dinamometra)\">\n<thead>\n<tr>\n<th scope=\"col\">Spezifikationen<\/th>\n<th scope=\"col\">Digitale Kranwaage \u2013 Dynamometer<\/th>\n<\/tr>\n<\/thead>\n<tbody>\n<tr>\n<td>Zweck \/ Anwendungsbereich<\/td>\n<td>Lastmessung unter industriellen und baulichen Bedingungen<\/td>\n<\/tr>\n<tr>\n<td>Integrierte Ausr\u00fcstung<\/td>\n<td>Integrierte Messeinheit<\/td>\n<\/tr>\n<tr>\n<td>Display und Sichtbarkeit<\/td>\n<td>Gro\u00dfes LCD-Display (22 mm)<\/td>\n<\/tr>\n<tr>\n<td>Kommunikation und Stromversorgung<\/td>\n<td>Fernbedienung und externes Laden<\/td>\n<\/tr>\n<tr>\n<td>Schl\u00fcsselfunktionen<\/td>\n<td>Nullstellung, Tara, Hold, automatische Abschaltung, \u00dcberlastalarm<\/td>\n<\/tr>\n<tr>\n<td>Zusatzausr\u00fcstung (optional)<\/td>\n<td>Sch\u00e4kel<\/td>\n<\/tr>\n<tr>\n<td>Praktikabilit\u00e4t und Langlebigkeit<\/td>\n<td>Robuste Konstruktion, intuitive Bedienung<\/td>\n<\/tr>\n<\/tbody>\n<tfoot>\n<tr>\n<td colspan=\"2\">Pr\u00e4zises und sicheres Dynamometer f\u00fcr den professionellen Einsatz.<\/td>\n<\/tr>\n<\/tfoot>\n<\/table>\n<\/div>\t\t\t\t\t\t\t\t<\/div>\n\t\t\t\t<\/div>\n\t\t\t\t<\/div>\n\t\t\t\t\t<\/div>\n\t\t\t\t<\/div>\n\t\t\t\t<\/div>\n\t\t","protected":false},"excerpt":{"rendered":"<p>Die digitale Kranwaage \u2013 Dynamometer ist mit einer integrierten Messeinheit, einem 22 mm LCD-Display, einer Fernbedienung und externer Ladem\u00f6glichkeit ausgestattet, mit Funktionen wie Nullstellung, Tara und Hold, automatischer Abschaltung und einem \u00dcberlastalarm, w\u00e4hrend Sch\u00e4kel als zus\u00e4tzliche Option erh\u00e4ltlich sind.<\/p>\n<p style=\"color: white; background-color: white; font-size: 14px;\">Dynamometer.<\/p>\n","protected":false},"featured_media":3917,"comment_status":"closed","ping_status":"closed","template":"","meta":[],"etheme_brands":[],"product_brand":[],"product_cat":[453],"product_tag":[467,468,469],"class_list":{"0":"post-32618","1":"product","2":"type-product","3":"status-publish","4":"has-post-thumbnail","6":"product_cat-kranwaagen-01","7":"product_tag-en-13155","8":"product_tag-industriewaage","9":"product_tag-schwere-industrielle-hebevorgange","10":"product_shipping_class-lieferung","12":"first","13":"instock","14":"taxable","15":"shipping-taxable","16":"purchasable","17":"product-type-variable","18":"has-default-attributes"},"_links":{"self":[{"href":"https:\/\/dizalica.hr\/de\/wp-json\/wp\/v2\/product\/32618","targetHints":{"allow":["GET"]}}],"collection":[{"href":"https:\/\/dizalica.hr\/de\/wp-json\/wp\/v2\/product"}],"about":[{"href":"https:\/\/dizalica.hr\/de\/wp-json\/wp\/v2\/types\/product"}],"replies":[{"embeddable":true,"href":"https:\/\/dizalica.hr\/de\/wp-json\/wp\/v2\/comments?post=32618"}],"version-history":[{"count":1,"href":"https:\/\/dizalica.hr\/de\/wp-json\/wp\/v2\/product\/32618\/revisions"}],"predecessor-version":[{"id":32628,"href":"https:\/\/dizalica.hr\/de\/wp-json\/wp\/v2\/product\/32618\/revisions\/32628"}],"wp:featuredmedia":[{"embeddable":true,"href":"https:\/\/dizalica.hr\/de\/wp-json\/wp\/v2\/media\/3917"}],"wp:attachment":[{"href":"https:\/\/dizalica.hr\/de\/wp-json\/wp\/v2\/media?parent=32618"}],"wp:term":[{"taxonomy":"brand","embeddable":true,"href":"https:\/\/dizalica.hr\/de\/wp-json\/wp\/v2\/etheme_brands?post=32618"},{"taxonomy":"product_brand","embeddable":true,"href":"https:\/\/dizalica.hr\/de\/wp-json\/wp\/v2\/product_brand?post=32618"},{"taxonomy":"product_cat","embeddable":true,"href":"https:\/\/dizalica.hr\/de\/wp-json\/wp\/v2\/product_cat?post=32618"},{"taxonomy":"product_tag","embeddable":true,"href":"https:\/\/dizalica.hr\/de\/wp-json\/wp\/v2\/product_tag?post=32618"}],"curies":[{"name":"wp","href":"https:\/\/api.w.org\/{rel}","templated":true}]}}