{"id":37000,"date":"2026-05-05T02:56:08","date_gmt":"2026-05-05T00:56:08","guid":{"rendered":"https:\/\/dizalica.hr\/datenschutzerklarung\/"},"modified":"2026-05-05T02:56:08","modified_gmt":"2026-05-05T00:56:08","slug":"datenschutzerklarung","status":"publish","type":"page","link":"https:\/\/dizalica.hr\/de\/datenschutzerklarung\/","title":{"rendered":"Datenschutzerkl\u00e4rung"},"content":{"rendered":"\n<p><strong>Datenschutzerkl\u00e4rung<\/strong><\/p>\n\n\n\n<p>Wir verpflichten uns zum Schutz der Privatsph\u00e4re unserer Kunden und sind bestrebt, transparent bez\u00fcglich der Daten zu sein, die wir von den Nutzern unserer Webseite erfassen. Bitte lesen Sie diese Richtlinie, um sich sicher zu f\u00fchlen.<\/p>\n\n\n\n<p><strong>1. Informationsanfragen<\/strong><\/p>\n\n\n\n<p>Wenn Sie die bei uns gespeicherten Daten (sofern vorhanden) einsehen m\u00f6chten, senden Sie bitte eine E-Mail an dataprotection@dizalica.hr, um mit unserem Kundenservice in Kontakt zu treten. Wir bem\u00fchen uns, Informationsanfragen innerhalb eines Monats nach Eingang zu beantworten. Alle von Ihnen gemeldeten Ungenauigkeiten werden wir so schnell wie m\u00f6glich korrigieren, und auf Wunsch l\u00f6schen wir Ihre personenbezogenen Daten in der Regel gerne (au\u00dfer in besonderen F\u00e4llen).<\/p>\n\n\n\n<p><strong>2. Ihre Daten und deren Verwendung<\/strong><\/p>\n\n\n\n<p>Wenn Sie eine Bestellung \u00fcber dizalica.hr aufgeben, m\u00fcssen Sie m\u00f6glicherweise folgende Daten angeben:<\/p>\n\n\n\n<ul class=\"wp-block-list\">\n<li>Ihre E-Mail-Adresse<\/li>\n\n\n\n<li>Ihr Vor- und Nachname<\/li>\n\n\n\n<li>Ihre Telefonnummer<\/li>\n\n\n\n<li>Zahlungsinformationen<\/li>\n\n\n\n<li>Ihre Rechnungsadresse<\/li>\n\n\n\n<li>Ihre gew\u00fcnschte Lieferadresse<\/li>\n<\/ul>\n\n\n\n<p>Optional k\u00f6nnen Sie uns auch zus\u00e4tzliche Informationen mitteilen \u2013 beispielsweise den Namen Ihres Unternehmens und\/oder die Telefonnummer des Standorts, den Sie als Lieferadresse angegeben haben.<\/p>\n\n<p>Alle w\u00e4hrend des Kaufvorgangs eingegebenen Daten werden ausschlie\u00dflich zum Zweck der Bearbeitung und Versendung Ihrer Bestellung erhoben. Dar\u00fcber hinaus k\u00f6nnen wir Sie nach der Lieferung Ihrer Produkte kontaktieren, um Sie um eine Bewertung Ihrer Erfahrung zu bitten. Ohne Ihre Zustimmung werden Sie in keine E-Mail-Verteilerliste aufgenommen und erhalten keine Korrespondenz, die nicht mit Ihrer Bestellung in Zusammenhang steht.<\/p>\n\n\n\n<p>(HINWEIS: Das oben Genannte gilt auch f\u00fcr alle Daten, die Sie bei der Anfrage zur Miete \u00fcber unsere Webseite oder bei der Anmeldung f\u00fcr ein Gesch\u00e4ftskonto angeben.)<\/p>\n\n\n\n<p>Wenn Sie uns \u00fcber eines der Anfrageformulare auf unserer Webseite kontaktieren, erfassen wir folgende Daten:<\/p>\n\n\n\n<ul class=\"wp-block-list\">\n<li>Ihr Name<\/li>\n\n\n\n<li>Der Name Ihres Unternehmens<\/li>\n\n\n\n<li>Ihre E-Mail-Adresse<\/li>\n\n\n\n<li>Ihre Telefonnummer<\/li>\n\n\n\n<li>Alle weiteren Informationen, die Sie in Ihrer Nachricht angeben<\/li>\n<\/ul>\n\n\n\n<p>Diese Daten werden ausschlie\u00dflich zum Zweck der Bearbeitung und Beantwortung Ihrer Anfrage erhoben. Auch hier werden Sie ohne Ihre Zustimmung nicht in Mailinglisten aufgenommen und erhalten keine Korrespondenz, die nicht mit Ihrer Anfrage in Verbindung steht.<\/p>\n\n\n\n<p>Wir bem\u00fchen uns, alle personenbezogenen Daten, die wir besitzen, korrekt und aktuell zu halten. Diese Daten werden sicher und in \u00dcbereinstimmung mit den geltenden Gesetzen, einschlie\u00dflich der Datenschutz-Grundverordnung (DSGVO), gespeichert.<\/p>\n\n\n\n<p><strong>3. Zahlungsdaten<\/strong><\/p>\n\n\n\n<p>Wir verpflichten uns, die Zahlungsdaten, die Sie bei der Bestellung oder manuellen Zahlung auf unserer Webseite eingeben, zu sch\u00fctzen. Alle Zahlungen werden \u00fcber eine sichere (HTTPS) Verbindung abgewickelt. Unsere Zahlungsdienstleister sind Sage Pay und PayPal.<\/p>\n\n<p><strong>4. Kundenkonten<\/strong><\/p>\n\n\n\n<p>Sie k\u00f6nnen sich optional ein Kundenkonto bei dizalica.hr registrieren. Bitte beachten Sie, dass Sie nicht verpflichtet sind, ein Konto zu erstellen \u2013 f\u00fcr einen Kauf ohne Konto w\u00e4hlen Sie einfach die \u201eExpress Checkout\u201c-Option im Zahlungsprozess.<\/p>\n\n\n\n<p>Wenn Sie sich f\u00fcr die Erstellung eines Kundenkontos entscheiden, m\u00fcssen Sie folgende Angaben machen:<\/p>\n\n\n\n<ul class=\"wp-block-list\">\n<li>E-Mail-Adresse<\/li>\n\n\n\n<li>Vorname<\/li>\n\n\n\n<li>Nachname<\/li>\n\n\n\n<li>Telefonnummer<\/li>\n\n\n\n<li>Passwort Ihrer Wahl<\/li>\n<\/ul>\n\n\n\n<p>Alle diese Informationen werden sicher gespeichert und nicht an unbeteiligte Dritte weitergegeben. Die w\u00e4hrend der Registrierung \u00fcbermittelten Daten werden ausschlie\u00dflich f\u00fcr Zwecke verwendet, die direkt mit der Verwaltung Ihres Kontos und der Bearbeitung Ihrer Bestellungen w\u00e4hrend Ihrer Anmeldung zusammenh\u00e4ngen.<\/p>\n\n\n\n<p><strong>5. Unser Mailingliste<\/strong><\/p>\n\n\n\n<p>Wenn Sie Dizalica d.o.o. kontaktieren oder eine Bestellung \u00fcber unsere Webseite aufgeben, haben Sie die M\u00f6glichkeit, sich in unsere Mailingliste einzutragen. Abonnenten erhalten von dizalica.hr Werbe-E-Mails mit Produktinformationen, Sonderangeboten und weiteren Updates.<\/p>\n\n\n\n<p>Wir verwenden Sendinblue zur Verwaltung unserer Mailingliste. Abonnenten k\u00f6nnen sich jederzeit \u00fcber den \u201eAbmelden\u201c-Link in allen Werbe-E-Mails, die wir versenden, von der Mailingliste abmelden.<\/p>\n\n\n\n<p>Wenn Sie uns die Erlaubnis geben, Sie in unsere Mailingliste aufzunehmen, werden wir Ihre E-Mail-Adresse niemals an unbeteiligte Dritte weitergeben oder Ihnen E-Mails senden, die nicht relevant f\u00fcr dizalica.hr sind.<\/p>\n\n<p><strong>6. Google Analytics<\/strong><\/p>\n\n\n\n<p>Wie viele Website-Betreiber verwenden auch wir Google Analytics, um den Traffic und das Nutzerverhalten auf unserer Website anonym zu verfolgen. Dieses Tool sammelt keine personenbezogenen Daten. Wenn Sie jedoch nicht in unsere Analytics-Daten einbezogen werden m\u00f6chten, k\u00f6nnen Sie Google Analytics mit diesem Browser-Add-on deaktivieren.<\/p>\n\n\n\n<p><strong>7. Cookie-Richtlinie<\/strong><\/p>\n\n\n\n<p>Diese Website verwendet Cookies, um Ihr Online-Erlebnis zu verbessern. Klicken Sie hier, um unsere Cookie-Richtlinie einzusehen.<\/p>\n\n\n\n<p><strong>8. Informationssicherheit und Betrugspr\u00e4vention<\/strong><\/p>\n\n\n\n<p>Um alle Transaktionen und sensiblen Daten, die \u00fcber diese Website verarbeitet werden, zu sch\u00fctzen, nutzen wir die Dienste des GeoTrust SSL-Zertifikats.<\/p>\n\n\n\n<p>Wir nehmen das Risiko von Online-Betrug sehr ernst. Wenn wir den Verdacht haben, dass eine Bestellung betr\u00fcgerisch aufgegeben wurde oder unsere Website in irgendeiner Weise missbraucht wird, behalten wir uns das Recht vor, alle relevanten Informationen mit unabh\u00e4ngigen Betrugspr\u00e4ventionsunternehmen (einschlie\u00dflich Banken) und der Polizei zu teilen.<\/p>\n\n\n\n<p>Wenn Sie Fragen zu unserer Datenschutzrichtlinie haben, senden Sie bitte eine E-Mail an <a href=\"mailto:dataprotection@dizalica.hr\">dataprotection@dizalica.hr<\/a>.<\/p>\n","protected":false},"excerpt":{"rendered":"<p>Datenschutzerkl\u00e4rung Wir verpflichten uns zum Schutz der Privatsph\u00e4re unserer Kunden und sind bestrebt, transparent bez\u00fcglich der Daten zu sein, die wir von den Nutzern unserer&#8230;<\/p>\n","protected":false},"author":1,"featured_media":0,"parent":0,"menu_order":0,"comment_status":"closed","ping_status":"closed","template":"","meta":{"footnotes":""},"class_list":["post-37000","page","type-page","status-publish","hentry"],"_links":{"self":[{"href":"https:\/\/dizalica.hr\/de\/wp-json\/wp\/v2\/pages\/37000","targetHints":{"allow":["GET"]}}],"collection":[{"href":"https:\/\/dizalica.hr\/de\/wp-json\/wp\/v2\/pages"}],"about":[{"href":"https:\/\/dizalica.hr\/de\/wp-json\/wp\/v2\/types\/page"}],"author":[{"embeddable":true,"href":"https:\/\/dizalica.hr\/de\/wp-json\/wp\/v2\/users\/1"}],"replies":[{"embeddable":true,"href":"https:\/\/dizalica.hr\/de\/wp-json\/wp\/v2\/comments?post=37000"}],"version-history":[{"count":0,"href":"https:\/\/dizalica.hr\/de\/wp-json\/wp\/v2\/pages\/37000\/revisions"}],"wp:attachment":[{"href":"https:\/\/dizalica.hr\/de\/wp-json\/wp\/v2\/media?parent=37000"}],"curies":[{"name":"wp","href":"https:\/\/api.w.org\/{rel}","templated":true}]}}