{"id":36279,"date":"2026-05-02T16:42:13","date_gmt":"2026-05-02T14:42:13","guid":{"rendered":"https:\/\/dizalica.hr\/lieferung\/"},"modified":"2026-05-02T16:43:22","modified_gmt":"2026-05-02T14:43:22","slug":"lieferung","status":"publish","type":"page","link":"https:\/\/dizalica.hr\/de\/lieferung\/","title":{"rendered":"Lieferung"},"content":{"rendered":"\r\n<p>Lieferung<\/p>\r\n\r\n\r\n\r\n<p>Wenn Sie die Zahlung bis 10 Uhr per E-Mail best\u00e4tigen, versenden wir die Ware noch am selben oder sp\u00e4testens am n\u00e4chsten Tag. Die \u00fcbliche Lieferzeit betr\u00e4gt 24 Stunden, f\u00fcr kleinere Orte und Inseln 48-72 Stunden.<\/p>\r\n\r\n\r\n\r\n<p>Wir nutzen zwei Versanddienstleister:<\/p>\r\n\r\n\r\n\r\n<p><a href=\"https:\/\/gls-group.eu\/HR\/hr\/home\" target=\"_blank\" rel=\"noopener\">GLS<\/a> f\u00fcr Paketversand und <a href=\"https:\/\/www.gw-world.com\/hr\/\" target=\"_blank\" rel=\"noopener\">Gebr\u00fcder Weiss<\/a> f\u00fcr Palettenversand.<\/p>\r\n\r\n\r\n\r\n<p>Weitere Informationen erhalten Sie unter <a href=\"mailto:kontakt@dizalica.hr\">kontakt@dizalica.hr<\/a>.<\/p>\r\n","protected":false},"excerpt":{"rendered":"<p>Lieferung Wenn Sie die Zahlung bis 10 Uhr per E-Mail best\u00e4tigen, versenden wir die Ware noch am selben oder sp\u00e4testens am n\u00e4chsten Tag. Die \u00fcbliche&#8230;<\/p>\n","protected":false},"author":1,"featured_media":0,"parent":0,"menu_order":0,"comment_status":"closed","ping_status":"closed","template":"","meta":{"footnotes":""},"class_list":["post-36279","page","type-page","status-publish","hentry"],"_links":{"self":[{"href":"https:\/\/dizalica.hr\/de\/wp-json\/wp\/v2\/pages\/36279","targetHints":{"allow":["GET"]}}],"collection":[{"href":"https:\/\/dizalica.hr\/de\/wp-json\/wp\/v2\/pages"}],"about":[{"href":"https:\/\/dizalica.hr\/de\/wp-json\/wp\/v2\/types\/page"}],"author":[{"embeddable":true,"href":"https:\/\/dizalica.hr\/de\/wp-json\/wp\/v2\/users\/1"}],"replies":[{"embeddable":true,"href":"https:\/\/dizalica.hr\/de\/wp-json\/wp\/v2\/comments?post=36279"}],"version-history":[{"count":1,"href":"https:\/\/dizalica.hr\/de\/wp-json\/wp\/v2\/pages\/36279\/revisions"}],"predecessor-version":[{"id":36282,"href":"https:\/\/dizalica.hr\/de\/wp-json\/wp\/v2\/pages\/36279\/revisions\/36282"}],"wp:attachment":[{"href":"https:\/\/dizalica.hr\/de\/wp-json\/wp\/v2\/media?parent=36279"}],"curies":[{"name":"wp","href":"https:\/\/api.w.org\/{rel}","templated":true}]}}