{"id":34511,"date":"2026-04-28T13:36:39","date_gmt":"2026-04-28T11:36:39","guid":{"rendered":"https:\/\/dizalica.hr\/uber-uns\/zahlungs-und-liefermethoden\/"},"modified":"2026-04-28T13:36:49","modified_gmt":"2026-04-28T11:36:49","slug":"zahlungs-und-liefermethoden","status":"publish","type":"page","link":"https:\/\/dizalica.hr\/de\/uber-uns\/zahlungs-und-liefermethoden\/","title":{"rendered":"Zahlungs- und Liefermethoden"},"content":{"rendered":"\t\t<div data-elementor-type=\"wp-page\" data-elementor-id=\"34511\" class=\"elementor elementor-34511 elementor-1893\" data-elementor-post-type=\"page\">\n\t\t\t\t<div class=\"elementor-element elementor-element-558412d9 e-con-full e-flex e-con e-parent\" data-id=\"558412d9\" data-element_type=\"container\" data-e-type=\"container\">\n\t\t<div class=\"elementor-element elementor-element-b21bb62 e-con-full e-flex e-con e-child\" data-id=\"b21bb62\" data-element_type=\"container\" data-e-type=\"container\">\n\t\t\t\t<div class=\"elementor-element elementor-element-0926965 elementor-widget elementor-widget-heading\" data-id=\"0926965\" data-element_type=\"widget\" data-e-type=\"widget\" data-widget_type=\"heading.default\">\n\t\t\t\t<div class=\"elementor-widget-container\">\n\t\t\t\t\t<h1 class=\"elementor-heading-title elementor-size-default\">Zahlungs- und Liefermethoden<\/h1>\t\t\t\t<\/div>\n\t\t\t\t<\/div>\n\t\t\t\t<div class=\"elementor-element elementor-element-7a3a186 elementor-toc--minimized-on-tablet elementor-widget elementor-widget-table-of-contents\" data-id=\"7a3a186\" data-element_type=\"widget\" data-e-type=\"widget\" data-settings=\"{&quot;exclude_headings_by_selector&quot;:[],&quot;no_headings_message&quot;:&quot;No headings were found on this page.&quot;,&quot;headings_by_tags&quot;:[&quot;h2&quot;,&quot;h3&quot;,&quot;h4&quot;,&quot;h5&quot;,&quot;h6&quot;],&quot;marker_view&quot;:&quot;numbers&quot;,&quot;minimize_box&quot;:&quot;yes&quot;,&quot;minimized_on&quot;:&quot;tablet&quot;,&quot;hierarchical_view&quot;:&quot;yes&quot;,&quot;min_height&quot;:{&quot;unit&quot;:&quot;px&quot;,&quot;size&quot;:&quot;&quot;,&quot;sizes&quot;:[]},&quot;min_height_tablet&quot;:{&quot;unit&quot;:&quot;px&quot;,&quot;size&quot;:&quot;&quot;,&quot;sizes&quot;:[]},&quot;min_height_mobile&quot;:{&quot;unit&quot;:&quot;px&quot;,&quot;size&quot;:&quot;&quot;,&quot;sizes&quot;:[]}}\" data-widget_type=\"table-of-contents.default\">\n\t\t\t\t<div class=\"elementor-widget-container\">\n\t\t\t\t\t\t\t\t\t<div class=\"elementor-toc__header\">\n\t\t\t\t\t\t<h4 class=\"elementor-toc__header-title\">\n\t\t\t\tInhalt\t\t\t<\/h4>\n\t\t\t\t\t\t\t\t\t\t<div class=\"elementor-toc__toggle-button elementor-toc__toggle-button--expand\" role=\"button\" tabindex=\"0\" aria-controls=\"elementor-toc__7a3a186\" aria-expanded=\"true\" aria-label=\"Open table of contents\"><svg aria-hidden=\"true\" class=\"e-font-icon-svg e-fas-chevron-down\" viewBox=\"0 0 448 512\" xmlns=\"http:\/\/www.w3.org\/2000\/svg\"><path d=\"M207.029 381.476L12.686 187.132c-9.373-9.373-9.373-24.569 0-33.941l22.667-22.667c9.357-9.357 24.522-9.375 33.901-.04L224 284.505l154.745-154.021c9.379-9.335 24.544-9.317 33.901.04l22.667 22.667c9.373 9.373 9.373 24.569 0 33.941L240.971 381.476c-9.373 9.372-24.569 9.372-33.942 0z\"><\/path><\/svg><\/div>\n\t\t\t\t<div class=\"elementor-toc__toggle-button elementor-toc__toggle-button--collapse\" role=\"button\" tabindex=\"0\" aria-controls=\"elementor-toc__7a3a186\" aria-expanded=\"true\" aria-label=\"Close table of contents\"><svg aria-hidden=\"true\" class=\"e-font-icon-svg e-fas-chevron-up\" viewBox=\"0 0 448 512\" xmlns=\"http:\/\/www.w3.org\/2000\/svg\"><path d=\"M240.971 130.524l194.343 194.343c9.373 9.373 9.373 24.569 0 33.941l-22.667 22.667c-9.357 9.357-24.522 9.375-33.901.04L224 227.495 69.255 381.516c-9.379 9.335-24.544 9.317-33.901-.04l-22.667-22.667c-9.373-9.373-9.373-24.569 0-33.941L207.03 130.525c9.372-9.373 24.568-9.373 33.941-.001z\"><\/path><\/svg><\/div>\n\t\t\t\t\t<\/div>\n\t\t\t\t<div id=\"elementor-toc__7a3a186\" class=\"elementor-toc__body\">\n\t\t\t<div class=\"elementor-toc__spinner-container\">\n\t\t\t\t<svg class=\"elementor-toc__spinner eicon-animation-spin e-font-icon-svg e-eicon-loading\" aria-hidden=\"true\" viewBox=\"0 0 1000 1000\" xmlns=\"http:\/\/www.w3.org\/2000\/svg\"><path d=\"M500 975V858C696 858 858 696 858 500S696 142 500 142 142 304 142 500H25C25 237 238 25 500 25S975 237 975 500 763 975 500 975Z\"><\/path><\/svg>\t\t\t<\/div>\n\t\t<\/div>\n\t\t\t\t\t\t<\/div>\n\t\t\t\t<\/div>\n\t\t\t\t<div class=\"elementor-element elementor-element-949acdf elementor-widget elementor-widget-spacer\" data-id=\"949acdf\" data-element_type=\"widget\" data-e-type=\"widget\" data-widget_type=\"spacer.default\">\n\t\t\t\t<div class=\"elementor-widget-container\">\n\t\t\t\t\t\t\t<div class=\"elementor-spacer\">\n\t\t\t<div class=\"elementor-spacer-inner\"><\/div>\n\t\t<\/div>\n\t\t\t\t\t\t<\/div>\n\t\t\t\t<\/div>\n\t\t\t\t<div class=\"elementor-element elementor-element-49a072d elementor-widget elementor-widget-text-editor\" data-id=\"49a072d\" data-element_type=\"widget\" data-e-type=\"widget\" data-widget_type=\"text-editor.default\">\n\t\t\t\t<div class=\"elementor-widget-container\">\n\t\t\t\t\t\t\t\t\t<h2>Zahlungsarten<\/h2>\n<h3>Bank\u00fcberweisung (einmalig)<\/h3>\n<p>Zahlung per Angebot \u2013 mittels Online-Banking, Einzahlungsschein bei der Bank, Post, FINA oder \u00dcberweisung.<\/p>\t\t\t\t\t\t\t\t<\/div>\n\t\t\t\t<\/div>\n\t\t\t\t<div class=\"elementor-element elementor-element-9f70215 elementor-widget elementor-widget-text-editor\" data-id=\"9f70215\" data-element_type=\"widget\" data-e-type=\"widget\" data-widget_type=\"text-editor.default\">\n\t\t\t\t<div class=\"elementor-widget-container\">\n\t\t\t\t\t\t\t\t\t<p><strong>Zagreba\u010dka banka d.d. | HR-10000 Zagreb | IBAN: HR5723600001102281251 | SWIFT: ZABAHR2X<\/strong><\/p>\t\t\t\t\t\t\t\t<\/div>\n\t\t\t\t<\/div>\n\t\t\t\t<div class=\"elementor-element elementor-element-c177e49 elementor-widget elementor-widget-text-editor\" data-id=\"c177e49\" data-element_type=\"widget\" data-e-type=\"widget\" data-widget_type=\"text-editor.default\">\n\t\t\t\t<div class=\"elementor-widget-container\">\n\t\t\t\t\t\t\t\t\t<p>Wenn Sie die Bank\u00fcberweisung als Zahlungsart w\u00e4hlen, bezahlen Sie die Produkte und Lieferkosten auf unser Bankkonto gem\u00e4\u00df dem Angebot, das wir Ihnen nach Ihrer Anfrage \u00fcber die Weboberfl\u00e4che zusenden werden. Die Ware wird nach Eingang der Zahlung auf unserem Konto f\u00fcr den Versand vorbereitet. Das Angebot ist informativ und 15 Tage g\u00fcltig.<\/p>\n<p>F\u00fcr ausl\u00e4ndische Unternehmen aus der EU-Zone, die im Mehrwertsteuersystem registriert sind, wird gem\u00e4\u00df <strong>Art. 41 Abs. 1 des Mehrwertsteuergesetzes<\/strong> keine Mehrwertsteuer erhoben.<\/p>\t\t\t\t\t\t\t\t<\/div>\n\t\t\t\t<\/div>\n\t\t\t\t<div class=\"elementor-element elementor-element-228bc11 elementor-widget elementor-widget-text-editor\" data-id=\"228bc11\" data-element_type=\"widget\" data-e-type=\"widget\" data-widget_type=\"text-editor.default\">\n\t\t\t\t<div class=\"elementor-widget-container\">\n\t\t\t\t\t\t\t\t\t<h3>Kartenzahlung<\/h3>\n<p><img loading=\"lazy\" loading=\"lazy\" decoding=\"async\" class=\"alignnone size-full wp-image-22139\" src=\"https:\/\/dizalica.hr\/wp-content\/uploads\/2025\/11\/placanje-karticama-visa-amex-diners-mastercard-maestro.avif\" alt=\"Kartenzahlung: Visa, Amex, Maestro, MasterCard, Diners\" width=\"299\" height=\"41\" srcset=\"https:\/\/dizalica.hr\/wp-content\/uploads\/2025\/11\/placanje-karticama-visa-amex-diners-mastercard-maestro.avif 299w, https:\/\/dizalica.hr\/wp-content\/uploads\/2025\/11\/placanje-karticama-visa-amex-diners-mastercard-maestro-1x1.avif 1w, https:\/\/dizalica.hr\/wp-content\/uploads\/2025\/11\/placanje-karticama-visa-amex-diners-mastercard-maestro-10x1.avif 10w\" sizes=\"auto, (max-width: 299px) 100vw, 299px\" \/><\/p>\t\t\t\t\t\t\t\t<\/div>\n\t\t\t\t<\/div>\n\t\t\t\t<div class=\"elementor-element elementor-element-1397a74 elementor-widget elementor-widget-spacer\" data-id=\"1397a74\" data-element_type=\"widget\" data-e-type=\"widget\" data-widget_type=\"spacer.default\">\n\t\t\t\t<div class=\"elementor-widget-container\">\n\t\t\t\t\t\t\t<div class=\"elementor-spacer\">\n\t\t\t<div class=\"elementor-spacer-inner\"><\/div>\n\t\t<\/div>\n\t\t\t\t\t\t<\/div>\n\t\t\t\t<\/div>\n\t\t\t\t<div class=\"elementor-element elementor-element-69ec00f elementor-widget elementor-widget-text-editor\" data-id=\"69ec00f\" data-element_type=\"widget\" data-e-type=\"widget\" data-widget_type=\"text-editor.default\">\n\t\t\t\t<div class=\"elementor-widget-container\">\n\t\t\t\t\t\t\t\t\t\n<h2>Pers\u00f6nliche Abholung<\/h2>\n\n<p>W\u00e4hlen Sie beim Online-Kauf die Option der pers\u00f6nlichen Abholung der Ware. Wenn Sie die Bestellung telefonisch aufgeben, teilen Sie uns bitte mit, dass Sie die Ware selbst abholen m\u00f6chten. Nach Buchung der Zahlung und Benachrichtigung durch unser Personal, dass die Ware zur Abholung bereit ist, k\u00f6nnen Sie diese an jedem Werktag von 9:30 bis 15:30 Uhr abholen.<\/p>\n\t\t\t\t\t\t\t\t<\/div>\n\t\t\t\t<\/div>\n\t\t\t\t<div class=\"elementor-element elementor-element-3cab66e elementor-widget elementor-widget-spacer\" data-id=\"3cab66e\" data-element_type=\"widget\" data-e-type=\"widget\" data-widget_type=\"spacer.default\">\n\t\t\t\t<div class=\"elementor-widget-container\">\n\t\t\t\t\t\t\t<div class=\"elementor-spacer\">\n\t\t\t<div class=\"elementor-spacer-inner\"><\/div>\n\t\t<\/div>\n\t\t\t\t\t\t<\/div>\n\t\t\t\t<\/div>\n\t\t\t\t<div class=\"elementor-element elementor-element-7807f64 elementor-widget elementor-widget-text-editor\" data-id=\"7807f64\" data-element_type=\"widget\" data-e-type=\"widget\" data-widget_type=\"text-editor.default\">\n\t\t\t\t<div class=\"elementor-widget-container\">\n\t\t\t\t\t\t\t\t\t<h2>Lieferung<\/h2>\n<p>Wenn Sie die Zahlung bis 10 Uhr per E-Mail best\u00e4tigen, versenden wir die Ware noch am selben oder sp\u00e4testens am n\u00e4chsten Tag. Die \u00fcbliche Lieferzeit betr\u00e4gt 24 Stunden, f\u00fcr kleinere Orte und Inseln 48-72 Stunden.<\/p>\n<p>Wir nutzen zwei Lieferdienste:<\/p>\n<ul>\n<li><a href=\"https:\/\/gls-group.eu\/HR\/hr\/home\" target=\"_blank\" rel=\"noopener\">GLS<\/a> f\u00fcr Paketsendungen und<\/li>\n<li><a href=\"https:\/\/www.gw-world.com\/hr\/\" target=\"_blank\" rel=\"noopener\">Gebruder Weiss<\/a> f\u00fcr Palettenlieferungen.<\/li>\n<\/ul>\n<p>Weitere Informationen erhalten Sie unter <a href=\"mailto:kontakt@dizalica.hr\">kontakt@dizalica.hr<\/a>.<\/p>\t\t\t\t\t\t\t\t<\/div>\n\t\t\t\t<\/div>\n\t\t\t\t<div class=\"elementor-element elementor-element-87143d0 elementor-widget elementor-widget-spacer\" data-id=\"87143d0\" data-element_type=\"widget\" data-e-type=\"widget\" data-widget_type=\"spacer.default\">\n\t\t\t\t<div class=\"elementor-widget-container\">\n\t\t\t\t\t\t\t<div class=\"elementor-spacer\">\n\t\t\t<div class=\"elementor-spacer-inner\"><\/div>\n\t\t<\/div>\n\t\t\t\t\t\t<\/div>\n\t\t\t\t<\/div>\n\t\t\t\t<\/div>\n\t\t<div class=\"elementor-element elementor-element-36852bd e-con-full e-flex e-con e-child\" data-id=\"36852bd\" data-element_type=\"container\" data-e-type=\"container\">\n\t\t\t\t<div class=\"elementor-element elementor-element-2cac466 link1 elementor-widget elementor-widget-global elementor-global-12498 elementor-widget-heading\" data-id=\"2cac466\" data-element_type=\"widget\" data-e-type=\"widget\" data-widget_type=\"heading.default\">\n\t\t\t\t<div class=\"elementor-widget-container\">\n\t\t\t\t\t<div class=\"elementor-heading-title elementor-size-default\"><a href=\"https:\/\/dizalica.hr\/akcije\/\">Akcijska ponuda<\/a><\/div>\t\t\t\t<\/div>\n\t\t\t\t<\/div>\n\t\t\t\t<div class=\"elementor-element elementor-element-19e01b0 eael-product-grid-column-1 elementor-widget elementor-widget-global elementor-global-12501 elementor-widget-eicon-woocommerce\" data-id=\"19e01b0\" data-element_type=\"widget\" data-e-type=\"widget\" data-widget_type=\"eicon-woocommerce.default\">\n\t\t\t\t<div class=\"elementor-widget-container\">\n\t\t\t\t\t\n        <div class=\"eael-product-grid eael-product-reveal grid\" id=\"eael-product-grid\" data-widget-id=\"19e01b0\" data-page-id=\"34511\" data-nonce=\"44cf7c837c\" >\n            <div class=\"woocommerce\">\n                <ul class=\"products eael-post-appender eael-post-appender-19e01b0\" data-ssi-desktop=\"no\" data-ssi-tablet=\"\" data-ssi-mobile=\"\" data-layout-mode=\"grid\"> <li class=\"product \">\n<div class=\"eael-product-wrap\" data-src=\"\" data-src-hover=\"\">\n    <a href=\"https:\/\/dizalica.hr\/de\/polyester-anschlagmittel\/rundschlingen\/endlos-rundschlinge-1t\/\" class=\"woocommerce-LoopProduct-link woocommerce-loop-product__link\"><img decoding=\"async\" width=\"150\" height=\"150\" src=\"https:\/\/dizalica.hr\/wp-content\/uploads\/xstore\/xstore-placeholder-1x1.png\" class=\"attachment-woocommerce_thumbnail size-woocommerce_thumbnail wvs-archive-product-image lazyload lazyload-simple et-lazyload-fadeIn\" alt=\"Beskona\u010dna priveznica 1T - ljubi\u010dasta kru\u017ena gurtna za podizanje\" loading=\"eager\" sizes=\"(max-width: 150px) 100vw, 150px\" data-src=\"https:\/\/dizalica.hr\/wp-content\/uploads\/2024\/11\/beskonacna-priveznica-1t-ljubicasta.jpg-150x150.avif\" data-srcset=\"https:\/\/dizalica.hr\/wp-content\/uploads\/2024\/11\/beskonacna-priveznica-1t-ljubicasta.jpg-150x150.avif 150w, https:\/\/dizalica.hr\/wp-content\/uploads\/2024\/11\/beskonacna-priveznica-1t-ljubicasta.jpg-300x300.avif 300w, https:\/\/dizalica.hr\/wp-content\/uploads\/2024\/11\/beskonacna-priveznica-1t-ljubicasta.jpg-1024x1024.avif 1024w, https:\/\/dizalica.hr\/wp-content\/uploads\/2024\/11\/beskonacna-priveznica-1t-ljubicasta.jpg-768x768.avif 768w, https:\/\/dizalica.hr\/wp-content\/uploads\/2024\/11\/beskonacna-priveznica-1t-ljubicasta.jpg-600x600.avif 600w, https:\/\/dizalica.hr\/wp-content\/uploads\/2024\/11\/beskonacna-priveznica-1t-ljubicasta.jpg-100x100.avif 100w, https:\/\/dizalica.hr\/wp-content\/uploads\/2024\/11\/beskonacna-priveznica-1t-ljubicasta.jpg-1x1.avif 1w, https:\/\/dizalica.hr\/wp-content\/uploads\/2024\/11\/beskonacna-priveznica-1t-ljubicasta.jpg-10x10.avif 10w, https:\/\/dizalica.hr\/wp-content\/uploads\/2024\/11\/beskonacna-priveznica-1t-ljubicasta.jpg.avif 1200w\" \/><\/a><div class=\"eael-product-title\">\n    <a href=\"https:\/\/dizalica.hr\/de\/polyester-anschlagmittel\/rundschlingen\/endlos-rundschlinge-1t\/\" class=\"woocommerce-LoopProduct-link woocommerce-loop-product__link\"><span class=\"woocommerce-loop-product__title\">Endlos-Rundschlinge 1t, violett, 1-8m<\/span><\/a>\n    <\/div><div class=\"eael-star-rating star-rating\"><span style=\"width:0%\">Bewertet mit <strong class=\"rating\">0<\/strong> von 5<\/span><\/div><span class=\"onsale sale-preset-5 \">Akcija<\/span><div class=\"eael-product-price\">VPC: <del><span class=\"woocommerce-Price-amount amount\"><bdi>3,00&nbsp;<span class=\"woocommerce-Price-currencySymbol\">&euro;<\/span><\/bdi><\/span> \u2013 <span class=\"woocommerce-Price-amount amount\"><bdi>18,00&nbsp;<span class=\"woocommerce-Price-currencySymbol\">&euro;<\/span><\/bdi><\/span><\/del> <ins><span class=\"woocommerce-Price-amount amount\"><bdi>2,70&nbsp;<span class=\"woocommerce-Price-currencySymbol\">&euro;<\/span><\/bdi><\/span> \u2013 <span class=\"woocommerce-Price-amount amount\"><bdi>16,20&nbsp;<span class=\"woocommerce-Price-currencySymbol\">&euro;<\/span><\/bdi><\/span><\/ins><br><span style=\"font-size:80%;\">MPC: <del><span class=\"woocommerce-Price-amount amount\"><bdi>3,75&nbsp;<span class=\"woocommerce-Price-currencySymbol\">&euro;<\/span><\/bdi><\/span> \u2013 <span class=\"woocommerce-Price-amount amount\"><bdi>22,50&nbsp;<span class=\"woocommerce-Price-currencySymbol\">&euro;<\/span><\/bdi><\/span><\/del> <ins><span class=\"woocommerce-Price-amount amount\"><bdi>3,38&nbsp;<span class=\"woocommerce-Price-currencySymbol\">&euro;<\/span><\/bdi><\/span> \u2013 <span class=\"woocommerce-Price-amount amount\"><bdi>20,25&nbsp;<span class=\"woocommerce-Price-currencySymbol\">&euro;<\/span><\/bdi><\/span><\/ins><\/span><\/div>    <a href=\"https:\/\/dizalica.hr\/de\/polyester-anschlagmittel\/rundschlingen\/endlos-rundschlinge-1t\/\" aria-describedby=\"woocommerce_loop_add_to_cart_link_describedby_32979\" data-quantity=\"1\" class=\"button product_type_variable add_to_cart_button\" data-product_id=\"32979\" data-product_sku=\"\" aria-label=\"W\u00e4hle Optionen f\u00fcr \u201eEndlos-Rundschlinge 1t, violett, 1-8m\u201c\" rel=\"nofollow\" data-product_name=\"Endlos-Rundschlinge 1t, violett, 1-8m\">Odaberite opcije<\/a>\t<span id=\"woocommerce_loop_add_to_cart_link_describedby_32979\" class=\"screen-reader-text\">\n\t\tDieses Produkt weist mehrere Varianten auf. Die Optionen k\u00f6nnen auf der Produktseite gew\u00e4hlt werden\t<\/span>\n    \n<\/div>\n\n<\/li><\/ul>            <\/div>\n        <\/div>\n\n        <script type=\"text\/javascript\">\n            jQuery(document).ready(function($) {\n                var $scope = jQuery(\".elementor-element-19e01b0\");\n                var $products = $('.products', $scope);\n                var $layout_mode = $products.data('layout-mode');\n                \n                if ( $layout_mode === 'masonry' ) {\n                    \/\/ init isotope\n                    var $isotope_products = $products.isotope({\n                        itemSelector: \"li.product\",\n                        layoutMode: $layout_mode,\n                        percentPosition: true\n                    });\n\n                    $isotope_products.imagesLoaded().progress( function() {\n                        $isotope_products.isotope('layout');\n                    })\n                    \n                }\n            });\n        <\/script>\n        \t\t\t\t<\/div>\n\t\t\t\t<\/div>\n\t\t\t\t<\/div>\n\t\t\t\t<\/div>\n\t\t\t\t<\/div>\n\t\t","protected":false},"excerpt":{"rendered":"<p>Zahlungs- und Liefermethoden Inhalt Zahlungsarten Bank\u00fcberweisung (einmalig) Zahlung per Angebot \u2013 mittels Online-Banking, Einzahlungsschein bei der Bank, Post, FINA oder \u00dcberweisung. Zagreba\u010dka banka d.d. |&#8230;<\/p>\n","protected":false},"author":1,"featured_media":0,"parent":32846,"menu_order":0,"comment_status":"closed","ping_status":"closed","template":"","meta":{"footnotes":""},"class_list":["post-34511","page","type-page","status-publish","hentry"],"_links":{"self":[{"href":"https:\/\/dizalica.hr\/de\/wp-json\/wp\/v2\/pages\/34511","targetHints":{"allow":["GET"]}}],"collection":[{"href":"https:\/\/dizalica.hr\/de\/wp-json\/wp\/v2\/pages"}],"about":[{"href":"https:\/\/dizalica.hr\/de\/wp-json\/wp\/v2\/types\/page"}],"author":[{"embeddable":true,"href":"https:\/\/dizalica.hr\/de\/wp-json\/wp\/v2\/users\/1"}],"replies":[{"embeddable":true,"href":"https:\/\/dizalica.hr\/de\/wp-json\/wp\/v2\/comments?post=34511"}],"version-history":[{"count":0,"href":"https:\/\/dizalica.hr\/de\/wp-json\/wp\/v2\/pages\/34511\/revisions"}],"up":[{"embeddable":true,"href":"https:\/\/dizalica.hr\/de\/wp-json\/wp\/v2\/pages\/32846"}],"wp:attachment":[{"href":"https:\/\/dizalica.hr\/de\/wp-json\/wp\/v2\/media?parent=34511"}],"curies":[{"name":"wp","href":"https:\/\/api.w.org\/{rel}","templated":true}]}}