{"id":34464,"date":"2026-04-28T12:01:04","date_gmt":"2026-04-28T10:01:04","guid":{"rendered":"https:\/\/dizalica.hr\/kosarica\/"},"modified":"2026-04-28T12:01:15","modified_gmt":"2026-04-28T10:01:15","slug":"kosarica","status":"publish","type":"page","link":"https:\/\/dizalica.hr\/de\/kosarica\/","title":{"rendered":"Warenkorb"},"content":{"rendered":"\t\t<div data-elementor-type=\"wp-page\" data-elementor-id=\"34464\" class=\"elementor elementor-34464 elementor-6060\" data-elementor-post-type=\"page\">\n\t\t\t\t<div class=\"elementor-element elementor-element-3cb0224 e-con-full e-flex e-con e-parent\" data-id=\"3cb0224\" data-element_type=\"container\" data-e-type=\"container\">\n\t\t\t\t<div class=\"elementor-element elementor-element-c256c9e elementor-widget elementor-widget-eael-woo-cart\" data-id=\"c256c9e\" data-element_type=\"widget\" data-e-type=\"widget\" data-settings=\"{&quot;eael_woo_cart_table_components_remove_icon&quot;:{&quot;value&quot;:&quot;fas fa-times&quot;,&quot;library&quot;:&quot;fa-solid&quot;}}\" data-widget_type=\"eael-woo-cart.default\">\n\t\t\t\t<div class=\"elementor-widget-container\">\n\t\t\t\t\t\t\t\t\t<div class=\"eael-woo-cart-wrapper eael-woo-cart-empty eael-woo-style-2 eael-auto-update33\">\n\t\t\t\t\n<div class=\"woocommerce-notices-wrapper\"><\/div><div class=\"wc-empty-cart-message\">\n\t<div class=\"cart-empty woocommerce-info\" role=\"status\">\n\t\tVa\u0161a ko\u0161arica je prazna\t<\/div>\n<\/div>\n<div class=\"cart-empty empty-cart-block wc-empty-cart-message\">\n\t\t\t<h1 style=\"text-align: center\">VA\u0160A KO\u0160ARICA JE PRAZNA.<\/h1>\n<p style=\"text-align: center\">Pozivamo vas da se upoznate s asortimanom na\u0161e trgovine. Sigurno mo\u017eete prona\u0107i ne\u0161to za sebe!<\/p>\t\t<\/div>                <\/div>\n\t\t\t\t        <script>document.body.classList.add(\"eael-woo-cart\");<\/script>\n\t\t\t\t\t\t<\/div>\n\t\t\t\t<\/div>\n\t\t\t\t<\/div>\n\t\t\t\t<\/div>\n\t\t","protected":false},"excerpt":{"rendered":"<p>Proizvod Koli\u010dina Cijena Kutni \u0161titnik za gurtne do 50mm #02BIGPREM Kutni \u0161titnik za gurtne do 50mm koli\u010dina 2,20&nbsp;&euro; Gurtna za teret 1t s om\u010dama, ljubi\u010dasta,&#8230;<\/p>\n","protected":false},"author":1,"featured_media":0,"parent":0,"menu_order":0,"comment_status":"closed","ping_status":"closed","template":"","meta":{"footnotes":""},"class_list":["post-34464","page","type-page","status-publish","hentry"],"_links":{"self":[{"href":"https:\/\/dizalica.hr\/de\/wp-json\/wp\/v2\/pages\/34464","targetHints":{"allow":["GET"]}}],"collection":[{"href":"https:\/\/dizalica.hr\/de\/wp-json\/wp\/v2\/pages"}],"about":[{"href":"https:\/\/dizalica.hr\/de\/wp-json\/wp\/v2\/types\/page"}],"author":[{"embeddable":true,"href":"https:\/\/dizalica.hr\/de\/wp-json\/wp\/v2\/users\/1"}],"replies":[{"embeddable":true,"href":"https:\/\/dizalica.hr\/de\/wp-json\/wp\/v2\/comments?post=34464"}],"version-history":[{"count":1,"href":"https:\/\/dizalica.hr\/de\/wp-json\/wp\/v2\/pages\/34464\/revisions"}],"predecessor-version":[{"id":34465,"href":"https:\/\/dizalica.hr\/de\/wp-json\/wp\/v2\/pages\/34464\/revisions\/34465"}],"wp:attachment":[{"href":"https:\/\/dizalica.hr\/de\/wp-json\/wp\/v2\/media?parent=34464"}],"curies":[{"name":"wp","href":"https:\/\/api.w.org\/{rel}","templated":true}]}}