{"id":32846,"date":"2026-04-27T01:00:10","date_gmt":"2026-04-26T23:00:10","guid":{"rendered":"https:\/\/dizalica.hr\/uber-uns\/"},"modified":"2026-04-27T01:00:14","modified_gmt":"2026-04-26T23:00:14","slug":"uber-uns","status":"publish","type":"page","link":"https:\/\/dizalica.hr\/de\/uber-uns\/","title":{"rendered":"\u00dcber uns"},"content":{"rendered":"\t\t<div data-elementor-type=\"wp-page\" data-elementor-id=\"32846\" class=\"elementor elementor-32846 elementor-1900\" data-elementor-post-type=\"page\">\n\t\t\t\t<div class=\"elementor-element elementor-element-6ccec5db e-flex e-con-boxed e-con e-parent\" data-id=\"6ccec5db\" data-element_type=\"container\" data-e-type=\"container\">\n\t\t\t\t\t<div class=\"e-con-inner\">\n\t\t<div class=\"elementor-element elementor-element-363de7e e-con-full e-flex e-con e-child\" data-id=\"363de7e\" data-element_type=\"container\" data-e-type=\"container\">\n\t\t<div class=\"elementor-element elementor-element-10fbe3d e-con-full e-flex e-con e-child\" data-id=\"10fbe3d\" data-element_type=\"container\" data-e-type=\"container\">\n\t\t\t\t<div class=\"elementor-element elementor-element-c5e1824 elementor-widget elementor-widget-heading\" data-id=\"c5e1824\" data-element_type=\"widget\" data-e-type=\"widget\" data-widget_type=\"heading.default\">\n\t\t\t\t<div class=\"elementor-widget-container\">\n\t\t\t\t\t<h1 class=\"elementor-heading-title elementor-size-default\">\u00dcber uns<\/h1>\t\t\t\t<\/div>\n\t\t\t\t<\/div>\n\t\t\t\t<div class=\"elementor-element elementor-element-f147359 elementor-widget elementor-widget-text-editor\" data-id=\"f147359\" data-element_type=\"widget\" data-e-type=\"widget\" data-widget_type=\"text-editor.default\">\n\t\t\t\t<div class=\"elementor-widget-container\">\n\t\t\t\t\t\t\t\t\t\n<p>Als Mitglied der <strong>GUTMAN<\/strong> Gruppe befasst sich Dizalica d.o.o. mit der Herstellung und dem Vertrieb von Hebe- und Zurrmitteln \u2013 von Handhubwagen \u00fcber manuelle und elektrische Hebezeuge, Polyester-Hebegurte aus eigener Produktion bis hin zu Br\u00fccken- und Auslegerkranen.<\/p>\n\n<p>Das Unternehmen ist seit Fr\u00fchjahr 2012 auf dem kroatischen Markt aktiv. Innerhalb der <a href=\"http:\/\/gutmanlifting.eu\/\" target=\"_blank\" rel=\"noopener\"><strong>GUTMAN<\/strong> Gruppe<\/a> bieten wir Ihnen starke logistische Unterst\u00fctzung, gepr\u00fcfte Qualit\u00e4t und verf\u00fcgbare Produkte in einem Zentrallager im Wert von \u00fcber 1 Million Euro. <\/p>\n\n<p>Alle Produkte werden gem\u00e4\u00df den Bestimmungen der geltenden westeurop\u00e4ischen Normen und Vorschriften zur Produktkonformit\u00e4t hergestellt und kontrolliert.<\/p>\n\n<p>Die Muttergesellschaft H-ITB mit Sitz in Budapest verf\u00fcgt \u00fcber ein modernes Pr\u00fcflabor, und unseren Kunden steht auch ein mobiles Pr\u00fcflabor zur Verf\u00fcgung, das periodische Kontrollpr\u00fcfungen der Produkte in Ihrem Unternehmen erm\u00f6glicht.<\/p>\n\n<p>Unser Fachpersonal bietet Ihnen das h\u00f6chstm\u00f6gliche Niveau an Produkt- und Servicequalit\u00e4t.<br><br><strong>Firmenname:<\/strong> Dizalica d.o.o.<br><strong>Adresse<\/strong> (Sitz) des Unternehmens: Slavonska avenija 22e<br><strong>E-Mail:<\/strong> kontakt@dizalica.hr<br><strong>Telefonnummer:<\/strong> +385 1 553 07 06<br><strong>Bankkonto<\/strong> (IBAN) HR5723600001102281251<br><strong>Gesch\u00e4ftsbank<\/strong> Zagreba\u010dka banka<br><strong>OIB<\/strong> 72989721952<br><strong>MBS\/MBO<\/strong>: 080798150<br>TS in Zagreb Nummer Tt-12\/6117-5<br><strong>Stammkapital<\/strong> 2.500 EUR<br><strong>Gesch\u00e4ftsf\u00fchrung<\/strong>: Ferenc Toth<\/p>\n\t\t\t\t\t\t\t\t<\/div>\n\t\t\t\t<\/div>\n\t\t\t\t<\/div>\n\t\t<div class=\"elementor-element elementor-element-da07837 e-con-full e-flex e-con e-child\" data-id=\"da07837\" data-element_type=\"container\" data-e-type=\"container\">\n\t\t\t\t<div class=\"elementor-element elementor-element-27ceae9 link1 elementor-widget elementor-widget-global elementor-global-12498 elementor-widget-heading\" data-id=\"27ceae9\" data-element_type=\"widget\" data-e-type=\"widget\" data-widget_type=\"heading.default\">\n\t\t\t\t<div class=\"elementor-widget-container\">\n\t\t\t\t\t<div class=\"elementor-heading-title elementor-size-default\"><a href=\"https:\/\/dizalica.hr\/akcije\/\">Akcijska ponuda<\/a><\/div>\t\t\t\t<\/div>\n\t\t\t\t<\/div>\n\t\t\t\t<div class=\"elementor-element elementor-element-7f886f5 eael-product-grid-column-1 elementor-widget elementor-widget-global elementor-global-12501 elementor-widget-eicon-woocommerce\" data-id=\"7f886f5\" data-element_type=\"widget\" data-e-type=\"widget\" data-widget_type=\"eicon-woocommerce.default\">\n\t\t\t\t<div class=\"elementor-widget-container\">\n\t\t\t\t\t\n        <div class=\"eael-product-grid eael-product-reveal grid\" id=\"eael-product-grid\" data-widget-id=\"7f886f5\" data-page-id=\"32846\" data-nonce=\"5a2fc0e499\" >\n            <div class=\"woocommerce\">\n                <ul class=\"products eael-post-appender eael-post-appender-7f886f5\" data-ssi-desktop=\"no\" data-ssi-tablet=\"\" data-ssi-mobile=\"\" data-layout-mode=\"grid\"> <li class=\"product \">\n<div class=\"eael-product-wrap\" data-src=\"\" data-src-hover=\"\">\n    <a href=\"https:\/\/dizalica.hr\/de\/polyester-anschlagmittel\/rundschlingen\/endlos-rundschlinge-1t\/\" class=\"woocommerce-LoopProduct-link woocommerce-loop-product__link\"><img decoding=\"async\" width=\"150\" height=\"150\" src=\"https:\/\/dizalica.hr\/wp-content\/uploads\/xstore\/xstore-placeholder-1x1.png\" class=\"attachment-woocommerce_thumbnail size-woocommerce_thumbnail wvs-archive-product-image lazyload lazyload-simple et-lazyload-fadeIn\" alt=\"Beskona\u010dna priveznica 1T - ljubi\u010dasta kru\u017ena gurtna za podizanje\" loading=\"eager\" sizes=\"(max-width: 150px) 100vw, 150px\" data-src=\"https:\/\/dizalica.hr\/wp-content\/uploads\/2024\/11\/beskonacna-priveznica-1t-ljubicasta.jpg-150x150.avif\" data-srcset=\"https:\/\/dizalica.hr\/wp-content\/uploads\/2024\/11\/beskonacna-priveznica-1t-ljubicasta.jpg-150x150.avif 150w, https:\/\/dizalica.hr\/wp-content\/uploads\/2024\/11\/beskonacna-priveznica-1t-ljubicasta.jpg-300x300.avif 300w, https:\/\/dizalica.hr\/wp-content\/uploads\/2024\/11\/beskonacna-priveznica-1t-ljubicasta.jpg-1024x1024.avif 1024w, https:\/\/dizalica.hr\/wp-content\/uploads\/2024\/11\/beskonacna-priveznica-1t-ljubicasta.jpg-768x768.avif 768w, https:\/\/dizalica.hr\/wp-content\/uploads\/2024\/11\/beskonacna-priveznica-1t-ljubicasta.jpg-600x600.avif 600w, https:\/\/dizalica.hr\/wp-content\/uploads\/2024\/11\/beskonacna-priveznica-1t-ljubicasta.jpg-100x100.avif 100w, https:\/\/dizalica.hr\/wp-content\/uploads\/2024\/11\/beskonacna-priveznica-1t-ljubicasta.jpg-1x1.avif 1w, https:\/\/dizalica.hr\/wp-content\/uploads\/2024\/11\/beskonacna-priveznica-1t-ljubicasta.jpg-10x10.avif 10w, https:\/\/dizalica.hr\/wp-content\/uploads\/2024\/11\/beskonacna-priveznica-1t-ljubicasta.jpg.avif 1200w\" \/><\/a><div class=\"eael-product-title\">\n    <a href=\"https:\/\/dizalica.hr\/de\/polyester-anschlagmittel\/rundschlingen\/endlos-rundschlinge-1t\/\" class=\"woocommerce-LoopProduct-link woocommerce-loop-product__link\"><span class=\"woocommerce-loop-product__title\">Endlos-Rundschlinge 1t, violett, 1-8m<\/span><\/a>\n    <\/div><div class=\"eael-star-rating star-rating\"><span style=\"width:0%\">Bewertet mit <strong class=\"rating\">0<\/strong> von 5<\/span><\/div><span class=\"onsale sale-preset-5 \">Akcija<\/span><div class=\"eael-product-price\">VPC: <del><span class=\"woocommerce-Price-amount amount\"><bdi>3,00&nbsp;<span class=\"woocommerce-Price-currencySymbol\">&euro;<\/span><\/bdi><\/span> \u2013 <span class=\"woocommerce-Price-amount amount\"><bdi>18,00&nbsp;<span class=\"woocommerce-Price-currencySymbol\">&euro;<\/span><\/bdi><\/span><\/del> <ins><span class=\"woocommerce-Price-amount amount\"><bdi>2,70&nbsp;<span class=\"woocommerce-Price-currencySymbol\">&euro;<\/span><\/bdi><\/span> \u2013 <span class=\"woocommerce-Price-amount amount\"><bdi>16,20&nbsp;<span class=\"woocommerce-Price-currencySymbol\">&euro;<\/span><\/bdi><\/span><\/ins><br><span style=\"font-size:80%;\">MPC: <del><span class=\"woocommerce-Price-amount amount\"><bdi>3,75&nbsp;<span class=\"woocommerce-Price-currencySymbol\">&euro;<\/span><\/bdi><\/span> \u2013 <span class=\"woocommerce-Price-amount amount\"><bdi>22,50&nbsp;<span class=\"woocommerce-Price-currencySymbol\">&euro;<\/span><\/bdi><\/span><\/del> <ins><span class=\"woocommerce-Price-amount amount\"><bdi>3,38&nbsp;<span class=\"woocommerce-Price-currencySymbol\">&euro;<\/span><\/bdi><\/span> \u2013 <span class=\"woocommerce-Price-amount amount\"><bdi>20,25&nbsp;<span class=\"woocommerce-Price-currencySymbol\">&euro;<\/span><\/bdi><\/span><\/ins><\/span><\/div>    <a href=\"https:\/\/dizalica.hr\/de\/polyester-anschlagmittel\/rundschlingen\/endlos-rundschlinge-1t\/\" aria-describedby=\"woocommerce_loop_add_to_cart_link_describedby_32979\" data-quantity=\"1\" class=\"button product_type_variable add_to_cart_button\" data-product_id=\"32979\" data-product_sku=\"\" aria-label=\"W\u00e4hle Optionen f\u00fcr \u201eEndlos-Rundschlinge 1t, violett, 1-8m\u201c\" rel=\"nofollow\" data-product_name=\"Endlos-Rundschlinge 1t, violett, 1-8m\">Odaberite opcije<\/a>\t<span id=\"woocommerce_loop_add_to_cart_link_describedby_32979\" class=\"screen-reader-text\">\n\t\tDieses Produkt weist mehrere Varianten auf. Die Optionen k\u00f6nnen auf der Produktseite gew\u00e4hlt werden\t<\/span>\n    \n<\/div>\n\n<\/li><\/ul>            <\/div>\n        <\/div>\n\n        <script type=\"text\/javascript\">\n            jQuery(document).ready(function($) {\n                var $scope = jQuery(\".elementor-element-7f886f5\");\n                var $products = $('.products', $scope);\n                var $layout_mode = $products.data('layout-mode');\n                \n                if ( $layout_mode === 'masonry' ) {\n                    \/\/ init isotope\n                    var $isotope_products = $products.isotope({\n                        itemSelector: \"li.product\",\n                        layoutMode: $layout_mode,\n                        percentPosition: true\n                    });\n\n                    $isotope_products.imagesLoaded().progress( function() {\n                        $isotope_products.isotope('layout');\n                    })\n                    \n                }\n            });\n        <\/script>\n        \t\t\t\t<\/div>\n\t\t\t\t<\/div>\n\t\t\t\t<\/div>\n\t\t\t\t<\/div>\n\t\t\t\t\t<\/div>\n\t\t\t\t<\/div>\n\t\t\t\t<\/div>\n\t\t","protected":false},"excerpt":{"rendered":"<p>\u00dcber uns Als Mitglied der GUTMAN Gruppe befasst sich Dizalica d.o.o. mit der Herstellung und dem Vertrieb von Hebe- und Zurrmitteln \u2013 von Handhubwagen \u00fcber&#8230;<\/p>\n","protected":false},"author":1,"featured_media":0,"parent":0,"menu_order":0,"comment_status":"closed","ping_status":"closed","template":"","meta":{"footnotes":""},"class_list":["post-32846","page","type-page","status-publish","hentry"],"_links":{"self":[{"href":"https:\/\/dizalica.hr\/de\/wp-json\/wp\/v2\/pages\/32846","targetHints":{"allow":["GET"]}}],"collection":[{"href":"https:\/\/dizalica.hr\/de\/wp-json\/wp\/v2\/pages"}],"about":[{"href":"https:\/\/dizalica.hr\/de\/wp-json\/wp\/v2\/types\/page"}],"author":[{"embeddable":true,"href":"https:\/\/dizalica.hr\/de\/wp-json\/wp\/v2\/users\/1"}],"replies":[{"embeddable":true,"href":"https:\/\/dizalica.hr\/de\/wp-json\/wp\/v2\/comments?post=32846"}],"version-history":[{"count":0,"href":"https:\/\/dizalica.hr\/de\/wp-json\/wp\/v2\/pages\/32846\/revisions"}],"wp:attachment":[{"href":"https:\/\/dizalica.hr\/de\/wp-json\/wp\/v2\/media?parent=32846"}],"curies":[{"name":"wp","href":"https:\/\/api.w.org\/{rel}","templated":true}]}}