{"id":32800,"date":"2026-04-27T00:02:43","date_gmt":"2026-04-26T22:02:43","guid":{"rendered":"https:\/\/dizalica.hr\/aktionen\/"},"modified":"2026-04-27T00:02:50","modified_gmt":"2026-04-26T22:02:50","slug":"aktionen","status":"publish","type":"page","link":"https:\/\/dizalica.hr\/de\/aktionen\/","title":{"rendered":"Aktionen"},"content":{"rendered":"\t\t<div data-elementor-type=\"wp-page\" data-elementor-id=\"32800\" class=\"elementor elementor-32800 elementor-11685\" data-elementor-post-type=\"page\">\n\t\t\t\t<div class=\"elementor-element elementor-element-269edc5 e-flex e-con-boxed e-con e-parent\" data-id=\"269edc5\" data-element_type=\"container\" data-e-type=\"container\">\n\t\t\t\t\t<div class=\"e-con-inner\">\n\t\t\t\t<div class=\"elementor-element elementor-element-35cab07 elementor-widget elementor-widget-text-editor\" data-id=\"35cab07\" data-element_type=\"widget\" data-e-type=\"widget\" data-widget_type=\"text-editor.default\">\n\t\t\t\t<div class=\"elementor-widget-container\">\n\t\t\t\t\t\t\t\t\t<p>Nutzen Sie die Gelegenheit zum Sparen<\/p>\t\t\t\t\t\t\t\t<\/div>\n\t\t\t\t<\/div>\n\t\t\t\t<div class=\"elementor-element elementor-element-be99444 elementor-widget elementor-widget-heading\" data-id=\"be99444\" data-element_type=\"widget\" data-e-type=\"widget\" data-widget_type=\"heading.default\">\n\t\t\t\t<div class=\"elementor-widget-container\">\n\t\t\t\t\t<h2 class=\"elementor-heading-title elementor-size-default\">Sonderangebot<\/h2>\t\t\t\t<\/div>\n\t\t\t\t<\/div>\n\t\t\t\t<div class=\"elementor-element elementor-element-f6f8c0a elementor-widget elementor-widget-text-editor\" data-id=\"f6f8c0a\" data-element_type=\"widget\" data-e-type=\"widget\" data-widget_type=\"text-editor.default\">\n\t\t\t\t<div class=\"elementor-widget-container\">\n\t\t\t\t\t\t\t\t\t<p>Aktionen gelten bis zum Ausverkauf oder bis zum Ablaufdatum des Angebots<\/p>\t\t\t\t\t\t\t\t<\/div>\n\t\t\t\t<\/div>\n\t\t\t\t<div class=\"elementor-element elementor-element-03599e5 elementor-widget elementor-widget-etheme-countdown\" data-id=\"03599e5\" data-element_type=\"widget\" data-e-type=\"widget\" data-settings=\"{&quot;show_empty_counter&quot;:&quot;yes&quot;}\" data-widget_type=\"etheme-countdown.default\">\n\t\t\t\t<div class=\"elementor-widget-container\">\n\t\t\t\t\t\n        <div class=\"etheme-countdown-wrapper\" data-date=\"1764511320\" data-expire-actions=\"[{&quot;type&quot;:&quot;hide&quot;}]\">\n\n            <div class=\"etheme-countdown-heading\">Beeilen Sie sich!<\/div>            <div class=\"etheme-countdown\">\n\t\t\t    <div class=\"etheme-countdown-item days label-bottom\"><div class=\"etheme-countdown-item-inner\"><span class=\"etheme-countdown-digits\">0<\/span> <span class=\"etheme-countdown-label\">Tage<\/span><\/div><\/div><div class=\"etheme-countdown-item hours label-bottom\"><div class=\"etheme-countdown-item-inner\"><span class=\"etheme-countdown-digits\">0<\/span> <span class=\"etheme-countdown-label\">Stunden<\/span><\/div><\/div><div class=\"etheme-countdown-item minutes label-bottom\"><div class=\"etheme-countdown-item-inner\"><span class=\"etheme-countdown-digits\">0<\/span> <span class=\"etheme-countdown-label\">Minuten<\/span><\/div><\/div><div class=\"etheme-countdown-item seconds label-bottom\"><div class=\"etheme-countdown-item-inner\"><span class=\"etheme-countdown-digits\">0<\/span> <span class=\"etheme-countdown-label\">Sekunden<\/span><\/div><\/div>\t\t\t<\/div>\n      \n\t\t            \n        <\/div>\n        \n        \t\t\t\t<\/div>\n\t\t\t\t<\/div>\n\t\t\t\t<div class=\"elementor-element elementor-element-bfa472b etheme-elementor-products-equal-height etheme-elementor-product-align-center elementor-widget elementor-widget-etheme_product_grid\" data-id=\"bfa472b\" data-element_type=\"widget\" data-e-type=\"widget\" data-settings=\"{&quot;cols_mobile&quot;:&quot;1&quot;,&quot;cols_gap&quot;:{&quot;unit&quot;:&quot;px&quot;,&quot;size&quot;:10,&quot;sizes&quot;:[]},&quot;rows_gap&quot;:{&quot;unit&quot;:&quot;px&quot;,&quot;size&quot;:10,&quot;sizes&quot;:[]},&quot;product_attributes&quot;:&quot;yes&quot;,&quot;query_type&quot;:&quot;onsale&quot;,&quot;_animation&quot;:&quot;none&quot;,&quot;cols&quot;:&quot;4&quot;,&quot;navigation&quot;:&quot;none&quot;,&quot;cols_gap_tablet&quot;:{&quot;unit&quot;:&quot;px&quot;,&quot;size&quot;:&quot;&quot;,&quot;sizes&quot;:[]},&quot;cols_gap_mobile&quot;:{&quot;unit&quot;:&quot;px&quot;,&quot;size&quot;:&quot;&quot;,&quot;sizes&quot;:[]},&quot;rows_gap_tablet&quot;:{&quot;unit&quot;:&quot;px&quot;,&quot;size&quot;:&quot;&quot;,&quot;sizes&quot;:[]},&quot;rows_gap_mobile&quot;:{&quot;unit&quot;:&quot;px&quot;,&quot;size&quot;:&quot;&quot;,&quot;sizes&quot;:[]}}\" data-widget_type=\"etheme_product_grid.default\">\n\t\t\t\t<div class=\"elementor-widget-container\">\n\t\t\t\t\t<div class=\"etheme-product-grid etheme-product-grid-bordered  \">\n\n        <div class=\"etheme-product-grid-item etheme-product-image-hover-zoom-in etheme-product-has-fadeIn-content product type-product post-32979 status-publish first instock product_cat-polyester-anschlagmittel product_cat-rundschlingen product_tag-en-1492-2 product_tag-service-und-maschinenwartung has-post-thumbnail sale taxable shipping-taxable purchasable product-type-variable has-default-attributes\">\n        <div class=\"etheme-product-grid-spacer\"><\/div><div class=\"etheme-product-grid-image\"><a href=\"https:\/\/dizalica.hr\/de\/polyester-anschlagmittel\/rundschlingen\/endlos-rundschlinge-1t\/\">\n\t<div class=\"sale-wrapper \"><span class=\"onsale type-square left with-percentage\">Popust do <span>10%<\/span><\/span><\/div>\n\t<img loading=\"lazy\" decoding=\"async\" width=\"150\" height=\"150\" src=\"https:\/\/dizalica.hr\/wp-content\/uploads\/xstore\/xstore-placeholder-1x1.png\" class=\"attachment-thumbnail size-thumbnail lazyload lazyload-simple et-lazyload-fadeIn\" alt=\"Beskona\u010dna priveznica 1T - ljubi\u010dasta kru\u017ena gurtna za podizanje\" sizes=\"auto, (max-width: 150px) 100vw, 150px\" data-src=\"https:\/\/dizalica.hr\/wp-content\/uploads\/2024\/11\/beskonacna-priveznica-1t-ljubicasta.jpg-150x150.avif\" data-srcset=\"https:\/\/dizalica.hr\/wp-content\/uploads\/2024\/11\/beskonacna-priveznica-1t-ljubicasta.jpg-150x150.avif 150w, https:\/\/dizalica.hr\/wp-content\/uploads\/2024\/11\/beskonacna-priveznica-1t-ljubicasta.jpg-300x300.avif 300w, https:\/\/dizalica.hr\/wp-content\/uploads\/2024\/11\/beskonacna-priveznica-1t-ljubicasta.jpg-1024x1024.avif 1024w, https:\/\/dizalica.hr\/wp-content\/uploads\/2024\/11\/beskonacna-priveznica-1t-ljubicasta.jpg-768x768.avif 768w, https:\/\/dizalica.hr\/wp-content\/uploads\/2024\/11\/beskonacna-priveznica-1t-ljubicasta.jpg-600x600.avif 600w, https:\/\/dizalica.hr\/wp-content\/uploads\/2024\/11\/beskonacna-priveznica-1t-ljubicasta.jpg-100x100.avif 100w, https:\/\/dizalica.hr\/wp-content\/uploads\/2024\/11\/beskonacna-priveznica-1t-ljubicasta.jpg-1x1.avif 1w, https:\/\/dizalica.hr\/wp-content\/uploads\/2024\/11\/beskonacna-priveznica-1t-ljubicasta.jpg-10x10.avif 10w, https:\/\/dizalica.hr\/wp-content\/uploads\/2024\/11\/beskonacna-priveznica-1t-ljubicasta.jpg.avif 1200w\" \/><\/a><\/div><div class=\"etheme-product-grid-content\"><div class=\"etheme-product-grid-categories\"><a href=\"https:\/\/dizalica.hr\/de\/polyester-anschlagmittel\/\" rel=\"tag\">Polyester-Anschlagmittel<\/a><\/div><h2 class=\"woocommerce-loop-product__title etheme-product-grid-title\"><a href=\"https:\/\/dizalica.hr\/de\/polyester-anschlagmittel\/rundschlingen\/endlos-rundschlinge-1t\/\">Endlos-Rundschlinge 1t, violett, 1-8m<\/a><\/h2>\n\t<span class=\"price\">VPC: <del><span class=\"woocommerce-Price-amount amount\"><bdi>3,00&nbsp;<span class=\"woocommerce-Price-currencySymbol\">&euro;<\/span><\/bdi><\/span> \u2013 <span class=\"woocommerce-Price-amount amount\"><bdi>18,00&nbsp;<span class=\"woocommerce-Price-currencySymbol\">&euro;<\/span><\/bdi><\/span><\/del> <ins><span class=\"woocommerce-Price-amount amount\"><bdi>2,70&nbsp;<span class=\"woocommerce-Price-currencySymbol\">&euro;<\/span><\/bdi><\/span> \u2013 <span class=\"woocommerce-Price-amount amount\"><bdi>16,20&nbsp;<span class=\"woocommerce-Price-currencySymbol\">&euro;<\/span><\/bdi><\/span><\/ins><br><span style=\"font-size:80%;\">MPC: <del><span class=\"woocommerce-Price-amount amount\"><bdi>3,75&nbsp;<span class=\"woocommerce-Price-currencySymbol\">&euro;<\/span><\/bdi><\/span> \u2013 <span class=\"woocommerce-Price-amount amount\"><bdi>22,50&nbsp;<span class=\"woocommerce-Price-currencySymbol\">&euro;<\/span><\/bdi><\/span><\/del> <ins><span class=\"woocommerce-Price-amount amount\"><bdi>3,38&nbsp;<span class=\"woocommerce-Price-currencySymbol\">&euro;<\/span><\/bdi><\/span> \u2013 <span class=\"woocommerce-Price-amount amount\"><bdi>20,25&nbsp;<span class=\"woocommerce-Price-currencySymbol\">&euro;<\/span><\/bdi><\/span><\/ins><\/span><\/span>\n<a href=\"https:\/\/dizalica.hr\/de\/polyester-anschlagmittel\/rundschlingen\/endlos-rundschlinge-1t\/\" aria-describedby=\"woocommerce_loop_add_to_cart_link_describedby_32979\" data-quantity=\"1\" class=\"button product_type_variable add_to_cart_button etheme-product-grid-button\" data-product_id=\"32979\" data-product_sku=\"\" aria-label=\"W\u00e4hle Optionen f\u00fcr \u201eEndlos-Rundschlinge 1t, violett, 1-8m\u201c\" rel=\"nofollow\" data-product_name=\"Endlos-Rundschlinge 1t, violett, 1-8m\"><svg fill=\"currentColor\" xmlns=\"http:\/\/www.w3.org\/2000\/svg\" width=\"1em\" height=\"1em\" viewBox=\"0 0 24 24\"><path d=\"M23.088 1.032h-2.904c-0.336 0-0.84 0.312-0.84 0.744l-0.408 2.16h-18.024c-0.312 0-0.48 0.144-0.6 0.24l-0.072 0.048c-0.168 0.168-0.192 0.432-0.192 0.552v0.048l1.944 7.704c0.024 0.36 0.36 0.72 0.744 0.72l13.344 1.824c-0.336 0.24-0.744 0.384-1.176 0.384h-10.992c-0.504 0-0.84 0.36-0.84 0.84s0.36 0.84 0.84 0.84h11.088c1.752 0 3.312-1.296 3.648-3l2.256-11.448h2.184c0.504 0 0.84-0.36 0.84-0.84 0.024-0.456-0.36-0.816-0.84-0.816zM18.576 5.544l-1.584 7.872-13.464-1.752-1.44-6.12h16.488zM15.384 17.4c-1.56 0-2.784 1.224-2.784 2.784s1.224 2.784 2.784 2.784 2.784-1.224 2.784-2.784-1.224-2.784-2.784-2.784zM16.44 20.184c0 0.552-0.504 1.056-1.056 1.056s-1.056-0.504-1.056-1.056c0-0.576 0.504-1.056 1.056-1.056s1.056 0.504 1.056 1.056zM5.736 17.4c-1.56 0-2.784 1.224-2.784 2.784s1.224 2.784 2.784 2.784 2.784-1.224 2.784-2.784-1.224-2.784-2.784-2.784zM6.816 20.184c0 0.552-0.504 1.056-1.056 1.056s-1.056-0.504-1.056-1.056c0-0.576 0.504-1.056 1.056-1.056s1.056 0.504 1.056 1.056z\"><\/path><\/svg><span class=\"button-text\">Ausf\u00fchrung w\u00e4hlen<\/span><\/a>\t<span id=\"woocommerce_loop_add_to_cart_link_describedby_32979\" class=\"screen-reader-text\">\n\t\tDieses Produkt weist mehrere Varianten auf. Die Optionen k\u00f6nnen auf der Produktseite gew\u00e4hlt werden\t<\/span>\n<div class=\"etheme-product-grid-fadeIn-area\"><div class=\"etheme-product-grid-more-info\"><div class=\"etheme-product-grid-more-info-inner limited-height\"><table class=\"woocommerce-product-attributes shop_attributes\" aria-label=\"Produktdetails\">\n\t\t\t<tr class=\"woocommerce-product-attributes-item woocommerce-product-attributes-item--weight\">\n\t\t\t<th class=\"woocommerce-product-attributes-item__label\" scope=\"row\">Gewicht<\/th>\n\t\t\t<td class=\"woocommerce-product-attributes-item__value\">n.\u00a0a.<\/td>\n\t\t<\/tr>\n\t\t\t<tr class=\"woocommerce-product-attributes-item woocommerce-product-attributes-item--attribute_pa_radna-duzina\">\n\t\t\t<th class=\"woocommerce-product-attributes-item__label\" scope=\"row\">Radna du\u017eina<\/th>\n\t\t\t<td class=\"woocommerce-product-attributes-item__value\"><p>1m, 2m, 3m, 4m, 5m, 6m, 8m<\/p>\n<\/td>\n\t\t<\/tr>\n\t<\/table>\n<\/div><a href=\"#\" rel=\"nofollow\" class=\"etheme-product-grid-more-info-btn text-left block hidden\"><span>Vi\u0161e<\/span><span class=\"et-icon et_b-icon et-down-arrow\" style=\"font-size: .85em\"><\/span><\/a><\/div><\/div><\/div>        <\/div>\n        <\/div> <!-- .row -->\t\t\t\t<\/div>\n\t\t\t\t<\/div>\n\t\t\t\t\t<\/div>\n\t\t\t\t<\/div>\n\t\t<div class=\"elementor-element elementor-element-4117b9c e-grid e-con-boxed e-con e-parent\" data-id=\"4117b9c\" data-element_type=\"container\" data-e-type=\"container\">\n\t\t\t\t\t<div class=\"e-con-inner\">\n\t\t\t\t\t<\/div>\n\t\t\t\t<\/div>\n\t\t\t\t<\/div>\n\t\t","protected":false},"excerpt":{"rendered":"<p>Nutzen Sie die Gelegenheit zum Sparen Sonderangebot Aktionen gelten bis zum Ausverkauf oder bis zum Ablaufdatum des Angebots Beeilen Sie sich! 0 Tage0 Stunden0 Minuten0&#8230;<\/p>\n","protected":false},"author":1,"featured_media":0,"parent":0,"menu_order":0,"comment_status":"closed","ping_status":"closed","template":"","meta":{"footnotes":""},"class_list":["post-32800","page","type-page","status-publish","hentry"],"_links":{"self":[{"href":"https:\/\/dizalica.hr\/de\/wp-json\/wp\/v2\/pages\/32800","targetHints":{"allow":["GET"]}}],"collection":[{"href":"https:\/\/dizalica.hr\/de\/wp-json\/wp\/v2\/pages"}],"about":[{"href":"https:\/\/dizalica.hr\/de\/wp-json\/wp\/v2\/types\/page"}],"author":[{"embeddable":true,"href":"https:\/\/dizalica.hr\/de\/wp-json\/wp\/v2\/users\/1"}],"replies":[{"embeddable":true,"href":"https:\/\/dizalica.hr\/de\/wp-json\/wp\/v2\/comments?post=32800"}],"version-history":[{"count":1,"href":"https:\/\/dizalica.hr\/de\/wp-json\/wp\/v2\/pages\/32800\/revisions"}],"predecessor-version":[{"id":32801,"href":"https:\/\/dizalica.hr\/de\/wp-json\/wp\/v2\/pages\/32800\/revisions\/32801"}],"wp:attachment":[{"href":"https:\/\/dizalica.hr\/de\/wp-json\/wp\/v2\/media?parent=32800"}],"curies":[{"name":"wp","href":"https:\/\/api.w.org\/{rel}","templated":true}]}}